{"id":937,"date":"2014-01-27T23:52:20","date_gmt":"2014-01-27T23:52:20","guid":{"rendered":"http:\/\/www.liverpoolmagico.net\/?page_id=937"},"modified":"2014-02-08T02:35:34","modified_gmt":"2014-02-08T02:35:34","slug":"bienvenidos-a-liverpool","status":"publish","type":"page","link":"https:\/\/www.liverpoolmagico.net\/index.php\/bienvenidos-a-liverpool\/","title":{"rendered":"C\u00f3mo llegar"},"content":{"rendered":"<p><img loading=\"lazy\" decoding=\"async\" class=\"alignleft size-full wp-image-1068\" alt=\"una nueva cabecera copia4\" src=\"http:\/\/www.liverpoolmagico.net\/wp-content\/uploads\/2014\/02\/una-nueva-cabecera-copia4.jpg\" width=\"930\" height=\"354\" srcset=\"https:\/\/www.liverpoolmagico.net\/wp-content\/uploads\/2014\/02\/una-nueva-cabecera-copia4.jpg 930w, https:\/\/www.liverpoolmagico.net\/wp-content\/uploads\/2014\/02\/una-nueva-cabecera-copia4-600x228.jpg 600w, https:\/\/www.liverpoolmagico.net\/wp-content\/uploads\/2014\/02\/una-nueva-cabecera-copia4-300x114.jpg 300w\" sizes=\"auto, (max-width: 930px) 100vw, 930px\" \/><\/p>\n<p>&nbsp;<\/p>\n<h1><span style=\"color: #ff0000;\">C\u00f3mo llegar.<\/span><\/h1>\n<p><img loading=\"lazy\" decoding=\"async\" alt=\"Liverpool_John_Lennon_Airport\" src=\"http:\/\/www.liverpoolmagico.net\/wp-content\/uploads\/2013\/12\/Liverpool_John_Lennon_Airport.jpg\" width=\"307\" height=\"205\" \/><\/p>\n<p>El Aeropuerto de John Lennon est\u00e1 situado a 11 Km. al sur del centro de Liverpool. Para llegar al centro se puede ir en autob\u00fas o taxi.<\/p>\n<p><b><\/b><strong><span style=\"color: #ff0000;\">AUTOB\u00daS:<\/span>\u00a0<\/strong>La compa\u00f1\u00eda Arriva comunica el aeropuerto con el centro de la ciudad. El recorrido dura unos 30 minutos.<\/p>\n<p><strong>Arriva 500<\/strong>\u00a0es el servicio m\u00e1s r\u00e1pido porque va directamente al centro de la ciudad sin hacer paradas. Tambi\u00e9n se puede ir en el\u00a0<strong>Arriva 86A y\u00a0<\/strong><strong>Arriva 80A<\/strong><\/p>\n<p><strong><span style=\"color: #ff0000;\">TAXI:<\/span>\u00a0<\/strong>La parada de taxis se halla frente a la salida de la terminal del aeropuerto. El trayecto hasta el centro dura 20-25 minutos aproximadamente<\/p>\n<p>Una opci\u00f3n m\u00e1s barata es llamar a la compa\u00f1\u00eda de taxis\u00a0<strong>Delta<\/strong>\u00a001519227373.<\/p>\n<p>&nbsp;<\/p>\n<h1><span style=\"color: #ff0000;\">LLegadas desde Londres.<\/span><\/h1>\n<p><img loading=\"lazy\" decoding=\"async\" class=\"alignleft\" alt=\"Liverpool_Lime_Street_Station\" src=\"http:\/\/www.liverpoolmagico.net\/wp-content\/uploads\/2013\/12\/Liverpool_Lime_Street_Station.jpg\" width=\"329\" height=\"219\" \/><span style=\"color: #ff0000;\"><strong>TREN:<\/strong>\u00a0<\/span>Es la mejor opci\u00f3n para\u00a0llegar a Liverpool \u00a0desde Londres. Se tarda entre 2-3 horas y la llegada es en Lime Station, en el centro de la ciudad.<\/p>\n<p><a href=\"http:\/\/www.nationalrail.co.uk\/\">http:\/\/www.nationalrail.co.uk\/<\/a><\/p>\n<p><a href=\"http:\/\/www.thetrainline.com\/\">http:\/\/www.thetrainline.com\/<\/a><\/p>\n<p><a href=\"http:\/\/www.virgintrains.com\/\">http:\/\/www.virgintrains.com\/<\/a><\/p>\n<p>&nbsp;<\/p>\n<p>&nbsp;<\/p>\n<p><img loading=\"lazy\" decoding=\"async\" class=\"alignleft\" alt=\"bus\" src=\"http:\/\/www.liverpoolmagico.net\/wp-content\/uploads\/2013\/12\/bus.jpg\" width=\"252\" height=\"190\" \/><\/p>\n<p><span style=\"color: #ff0000;\"><strong>BUS:<\/strong><\/span>\u00a0es la opci\u00f3n m\u00e1s barata, pero la m\u00e1s lenta. Un bus de la\u00a0<a href=\"http:\/\/www.nationalexpress.com\/\"><strong>National Express<\/strong><\/a>\u00a0puede tardar entre 5 y 7 horas. Los buses salen de la\u00a0<strong>Victoria Coach Station<\/strong>\u00a0en\u00a0<strong>Londres\u00a0<\/strong>(164 Buckingham Palace Road)\u00a0y llegan a la\u00a0<strong>Liverpool Coach Station<\/strong>\u00a0(Norton Street)\u00a0en\u00a0<strong>Liverpool<\/strong>.<\/p>\n<p><strong>\u00a0<\/strong><\/p>\n","protected":false},"excerpt":{"rendered":"<p>&nbsp; C\u00f3mo llegar. El Aeropuerto de John Lennon est\u00e1 situado a 11 Km. al sur del centro de Liverpool. Para llegar al centro se puede ir en autob\u00fas o taxi. AUTOB\u00daS:\u00a0La compa\u00f1\u00eda Arriva comunica el aeropuerto con el centro de la ciudad. El recorrido dura unos 30 minutos. Arriva 500\u00a0es<a href=\"https:\/\/www.liverpoolmagico.net\/index.php\/bienvenidos-a-liverpool\/\" class=\"read-more\">Read the rest of this page &raquo;<\/a><\/p>\n","protected":false},"author":2,"featured_media":0,"parent":0,"menu_order":0,"comment_status":"closed","ping_status":"open","template":"","meta":{"jetpack_post_was_ever_published":false,"footnotes":""},"class_list":["post-937","page","type-page","status-publish","hentry"],"aioseo_notices":[],"jetpack_shortlink":"https:\/\/wp.me\/P3lKQ0-f7","jetpack_sharing_enabled":true,"_links":{"self":[{"href":"https:\/\/www.liverpoolmagico.net\/index.php\/wp-json\/wp\/v2\/pages\/937","targetHints":{"allow":["GET"]}}],"collection":[{"href":"https:\/\/www.liverpoolmagico.net\/index.php\/wp-json\/wp\/v2\/pages"}],"about":[{"href":"https:\/\/www.liverpoolmagico.net\/index.php\/wp-json\/wp\/v2\/types\/page"}],"author":[{"embeddable":true,"href":"https:\/\/www.liverpoolmagico.net\/index.php\/wp-json\/wp\/v2\/users\/2"}],"replies":[{"embeddable":true,"href":"https:\/\/www.liverpoolmagico.net\/index.php\/wp-json\/wp\/v2\/comments?post=937"}],"version-history":[{"count":0,"href":"https:\/\/www.liverpoolmagico.net\/index.php\/wp-json\/wp\/v2\/pages\/937\/revisions"}],"wp:attachment":[{"href":"https:\/\/www.liverpoolmagico.net\/index.php\/wp-json\/wp\/v2\/media?parent=937"}],"curies":[{"name":"wp","href":"https:\/\/api.w.org\/{rel}","templated":true}]}}