{"id":6755,"date":"2025-04-02T00:03:22","date_gmt":"2025-04-02T00:03:22","guid":{"rendered":"https:\/\/www.liverpoolmagico.net\/?page_id=6755"},"modified":"2025-04-03T17:28:26","modified_gmt":"2025-04-03T17:28:26","slug":"crucero-por-el-rio-mersey","status":"publish","type":"page","link":"https:\/\/www.liverpoolmagico.net\/index.php\/crucero-por-el-rio-mersey\/","title":{"rendered":"Crucero por el r\u00edo Mersey"},"content":{"rendered":"\n<figure class=\"wp-block-image size-full\"><img decoding=\"async\" src=\"https:\/\/www.liverpoolmagico.net\/wp-content\/uploads\/2025\/04\/foto-ferry-mapa.jpg\" alt=\"\" class=\"wp-image-6756\"\/><\/figure>\n\n\n\n<h2 class=\"wp-block-heading\">Descubre Liverpool desde el r\u00edo Mersey<\/h2>\n\n\n\n<p>Este crucero de 50 minutos te llevar\u00e1 a explorar Liverpool desde un punto de vista diferente, con vistas incre\u00edbles de los emblem\u00e1ticos lugares del puerto<\/p>\n\n\n\n<h2 class=\"wp-block-heading\">Un viaje lleno de historia y m\u00fasica.<\/h2>\n\n\n\n<p>Durante el recorrido, conocer\u00e1s historias fascinantes sobre el pasado musical y mar\u00edtimo de Liverpool gracias a los comentarios grabados a bordo (en ingl\u00e9s). Descubre c\u00f3mo los ferris desempe\u00f1aron un papel importante en la Primera Guerra Mundial y revive momentos inolvidables, como las actuaciones de The Beatles en los cruceros Riverboat Shuffle del Cavern Club durante los a\u00f1os 60<\/p>\n\n\n\n<figure class=\"wp-block-image size-full is-resized\"><img loading=\"lazy\" decoding=\"async\" width=\"188\" height=\"195\" src=\"https:\/\/www.liverpoolmagico.net\/wp-content\/uploads\/2025\/04\/QR-Ferry.png\" alt=\"\" class=\"wp-image-6758\" style=\"width:136px;height:auto\"\/><\/figure>\n\n\n\n<p><strong>Escanea el c\u00f3digo QR que te aparece en la pantalla para acceder al panel de reservas o utiliza el siguiente enlace<\/strong>. <strong>Recibir\u00e1s un c\u00f3digo a tu correo electr\u00f3nico que debes ense\u00f1ar en taquilla.<\/strong><\/p>\n\n\n\n<p> <a href=\"https:\/\/magicotours.palisis.com\"><strong>https:\/\/magicotours.palisis.com<\/strong><\/a><\/p>\n\n\n\n<h2 class=\"wp-block-heading\">Informaci\u00f3n antes de su visita<\/h2>\n\n\n\n<ul class=\"wp-block-list\">\n<li>El crucero por el r\u00edo sale cada hora en punto desde Liverpool Pier Head.<\/li>\n\n\n\n<li>Los alimentos y bebidas no est\u00e1n incluidos en el precio del crucero, pero a bordo hay un caf\u00e9 bar que ofrece productos locales.<\/li>\n\n\n\n<li>El ferry cuenta con ba\u00f1os.<br \/><\/li>\n<\/ul>\n\n\n\n<h2 class=\"wp-block-heading\">Horario<\/h2>\n\n\n\n<p>El ferry sale a cada hora en punto.<br \/>Por favor, llega al menos 20 minutos antes del horario de salida. El horario suele ser de 10 a 4 pm. <\/p>\n\n\n\n<h2 class=\"wp-block-heading\">Precios<\/h2>\n\n\n\n<figure class=\"wp-block-table\"><table class=\"has-fixed-layout\"><tbody><tr><td>Adultos<\/td><td><strong>\u00a313.00<\/strong><\/td><\/tr><tr><td>Ni\u00f1os de 5 a 15 a\u00f1os<\/td><td><strong>\u00a38.50<\/strong><\/td><\/tr><tr><td>Ni\u00f1os menores de 5 a\u00f1os<\/td><td><strong>gratis<\/strong><\/td><\/tr><\/tbody><\/table><\/figure>\n\n\n\n<figure class=\"wp-block-image size-full\"><img loading=\"lazy\" decoding=\"async\" width=\"900\" height=\"500\" src=\"https:\/\/www.liverpoolmagico.net\/wp-content\/uploads\/2025\/04\/mersey-ferries-logo-vector-1.png\" alt=\"\" class=\"wp-image-6771\" srcset=\"https:\/\/www.liverpoolmagico.net\/wp-content\/uploads\/2025\/04\/mersey-ferries-logo-vector-1.png 900w, https:\/\/www.liverpoolmagico.net\/wp-content\/uploads\/2025\/04\/mersey-ferries-logo-vector-1-300x167.png 300w, https:\/\/www.liverpoolmagico.net\/wp-content\/uploads\/2025\/04\/mersey-ferries-logo-vector-1-768x427.png 768w, https:\/\/www.liverpoolmagico.net\/wp-content\/uploads\/2025\/04\/mersey-ferries-logo-vector-1-637x354.png 637w, https:\/\/www.liverpoolmagico.net\/wp-content\/uploads\/2025\/04\/mersey-ferries-logo-vector-1-600x333.png 600w\" sizes=\"auto, (max-width: 900px) 100vw, 900px\" \/><\/figure>\n","protected":false},"excerpt":{"rendered":"<p>Descubre Liverpool desde el r\u00edo Mersey Este crucero de 50 minutos te llevar\u00e1 a explorar Liverpool desde un punto de vista diferente, con vistas incre\u00edbles de los emblem\u00e1ticos lugares del puerto Un viaje lleno de historia y m\u00fasica. Durante el recorrido, conocer\u00e1s historias fascinantes sobre el pasado musical y mar\u00edtimo<a href=\"https:\/\/www.liverpoolmagico.net\/index.php\/crucero-por-el-rio-mersey\/\" class=\"read-more\">Read the rest of this page &raquo;<\/a><\/p>\n","protected":false},"author":2,"featured_media":6757,"parent":0,"menu_order":0,"comment_status":"closed","ping_status":"closed","template":"","meta":{"jetpack_post_was_ever_published":false,"footnotes":""},"class_list":["post-6755","page","type-page","status-publish","has-post-thumbnail","hentry"],"aioseo_notices":[],"jetpack_shortlink":"https:\/\/wp.me\/P3lKQ0-1KX","jetpack_sharing_enabled":true,"_links":{"self":[{"href":"https:\/\/www.liverpoolmagico.net\/index.php\/wp-json\/wp\/v2\/pages\/6755","targetHints":{"allow":["GET"]}}],"collection":[{"href":"https:\/\/www.liverpoolmagico.net\/index.php\/wp-json\/wp\/v2\/pages"}],"about":[{"href":"https:\/\/www.liverpoolmagico.net\/index.php\/wp-json\/wp\/v2\/types\/page"}],"author":[{"embeddable":true,"href":"https:\/\/www.liverpoolmagico.net\/index.php\/wp-json\/wp\/v2\/users\/2"}],"replies":[{"embeddable":true,"href":"https:\/\/www.liverpoolmagico.net\/index.php\/wp-json\/wp\/v2\/comments?post=6755"}],"version-history":[{"count":0,"href":"https:\/\/www.liverpoolmagico.net\/index.php\/wp-json\/wp\/v2\/pages\/6755\/revisions"}],"wp:featuredmedia":[{"embeddable":true,"href":"https:\/\/www.liverpoolmagico.net\/index.php\/wp-json\/wp\/v2\/media\/6757"}],"wp:attachment":[{"href":"https:\/\/www.liverpoolmagico.net\/index.php\/wp-json\/wp\/v2\/media?parent=6755"}],"curies":[{"name":"wp","href":"https:\/\/api.w.org\/{rel}","templated":true}]}}