{"id":5015,"date":"2020-04-18T14:35:12","date_gmt":"2020-04-18T14:35:12","guid":{"rendered":"https:\/\/www.liverpoolmagico.net\/?page_id=5015"},"modified":"2023-03-12T18:52:28","modified_gmt":"2023-03-12T18:52:28","slug":"magical-beatles-museum","status":"publish","type":"page","link":"https:\/\/www.liverpoolmagico.net\/index.php\/magical-beatles-museum\/","title":{"rendered":"Liverpool Beatles Museum"},"content":{"rendered":"\n<div class=\"wp-block-group\"><div class=\"wp-block-group__inner-container is-layout-flow wp-block-group-is-layout-flow\">\n<div class=\"wp-block-jetpack-slideshow aligncenter\" data-autoplay=\"true\" data-delay=\"3\" data-effect=\"fade\"><div class=\"wp-block-jetpack-slideshow_container swiper-container\"><ul class=\"wp-block-jetpack-slideshow_swiper-wrapper swiper-wrapper\"><li class=\"wp-block-jetpack-slideshow_slide swiper-slide\"><figure><img loading=\"lazy\" decoding=\"async\" width=\"480\" height=\"640\" alt=\"\" class=\"wp-block-jetpack-slideshow_image wp-image-5016\" data-id=\"5016\" src=\"https:\/\/www.liverpoolmagico.net\/wp-content\/uploads\/2020\/04\/roag-museo-6.jpg\" srcset=\"https:\/\/www.liverpoolmagico.net\/wp-content\/uploads\/2020\/04\/roag-museo-6.jpg 480w, https:\/\/www.liverpoolmagico.net\/wp-content\/uploads\/2020\/04\/roag-museo-6-225x300.jpg 225w, https:\/\/www.liverpoolmagico.net\/wp-content\/uploads\/2020\/04\/roag-museo-6-300x400.jpg 300w, https:\/\/www.liverpoolmagico.net\/wp-content\/uploads\/2020\/04\/roag-museo-6-266x354.jpg 266w\" sizes=\"(max-width: 480px) 100vw, 480px\" \/><\/figure><\/li><li class=\"wp-block-jetpack-slideshow_slide swiper-slide\"><figure><img loading=\"lazy\" decoding=\"async\" width=\"640\" height=\"388\" alt=\"\" class=\"wp-block-jetpack-slideshow_image wp-image-5020\" data-id=\"5020\" src=\"https:\/\/www.liverpoolmagico.net\/wp-content\/uploads\/2020\/04\/roag-museo2-1.jpg\" srcset=\"https:\/\/www.liverpoolmagico.net\/wp-content\/uploads\/2020\/04\/roag-museo2-1.jpg 640w, https:\/\/www.liverpoolmagico.net\/wp-content\/uploads\/2020\/04\/roag-museo2-1-600x364.jpg 600w, https:\/\/www.liverpoolmagico.net\/wp-content\/uploads\/2020\/04\/roag-museo2-1-300x182.jpg 300w, https:\/\/www.liverpoolmagico.net\/wp-content\/uploads\/2020\/04\/roag-museo2-1-584x354.jpg 584w\" sizes=\"(max-width: 640px) 100vw, 640px\" \/><figcaption class=\"wp-block-jetpack-slideshow_caption gallery-caption\">Pete y Roag Best<\/figcaption><\/figure><\/li><li class=\"wp-block-jetpack-slideshow_slide swiper-slide\"><figure><img loading=\"lazy\" decoding=\"async\" width=\"1024\" height=\"683\" alt=\"\" class=\"wp-block-jetpack-slideshow_image wp-image-5021\" data-id=\"5021\" src=\"https:\/\/www.liverpoolmagico.net\/wp-content\/uploads\/2020\/04\/roag-museo3.jpg\" srcset=\"https:\/\/www.liverpoolmagico.net\/wp-content\/uploads\/2020\/04\/roag-museo3.jpg 1024w, https:\/\/www.liverpoolmagico.net\/wp-content\/uploads\/2020\/04\/roag-museo3-600x400.jpg 600w, https:\/\/www.liverpoolmagico.net\/wp-content\/uploads\/2020\/04\/roag-museo3-300x200.jpg 300w, https:\/\/www.liverpoolmagico.net\/wp-content\/uploads\/2020\/04\/roag-museo3-768x512.jpg 768w, https:\/\/www.liverpoolmagico.net\/wp-content\/uploads\/2020\/04\/roag-museo3-531x354.jpg 531w\" sizes=\"(max-width: 1024px) 100vw, 1024px\" \/><\/figure><\/li><li class=\"wp-block-jetpack-slideshow_slide swiper-slide\"><figure><img loading=\"lazy\" decoding=\"async\" width=\"1080\" height=\"675\" alt=\"\" class=\"wp-block-jetpack-slideshow_image wp-image-5022\" data-id=\"5022\" src=\"https:\/\/www.liverpoolmagico.net\/wp-content\/uploads\/2020\/04\/roag-museo4.jpg\" srcset=\"https:\/\/www.liverpoolmagico.net\/wp-content\/uploads\/2020\/04\/roag-museo4.jpg 1080w, https:\/\/www.liverpoolmagico.net\/wp-content\/uploads\/2020\/04\/roag-museo4-600x375.jpg 600w, https:\/\/www.liverpoolmagico.net\/wp-content\/uploads\/2020\/04\/roag-museo4-300x188.jpg 300w, https:\/\/www.liverpoolmagico.net\/wp-content\/uploads\/2020\/04\/roag-museo4-1024x640.jpg 1024w, https:\/\/www.liverpoolmagico.net\/wp-content\/uploads\/2020\/04\/roag-museo4-768x480.jpg 768w, https:\/\/www.liverpoolmagico.net\/wp-content\/uploads\/2020\/04\/roag-museo4-566x354.jpg 566w\" sizes=\"(max-width: 1080px) 100vw, 1080px\" \/><\/figure><\/li><li class=\"wp-block-jetpack-slideshow_slide swiper-slide\"><figure><img loading=\"lazy\" decoding=\"async\" width=\"800\" height=\"553\" alt=\"\" class=\"wp-block-jetpack-slideshow_image wp-image-5023\" data-id=\"5023\" src=\"https:\/\/www.liverpoolmagico.net\/wp-content\/uploads\/2020\/04\/roag-museo5.jpg\" srcset=\"https:\/\/www.liverpoolmagico.net\/wp-content\/uploads\/2020\/04\/roag-museo5.jpg 800w, https:\/\/www.liverpoolmagico.net\/wp-content\/uploads\/2020\/04\/roag-museo5-600x415.jpg 600w, https:\/\/www.liverpoolmagico.net\/wp-content\/uploads\/2020\/04\/roag-museo5-300x207.jpg 300w, https:\/\/www.liverpoolmagico.net\/wp-content\/uploads\/2020\/04\/roag-museo5-768x531.jpg 768w, https:\/\/www.liverpoolmagico.net\/wp-content\/uploads\/2020\/04\/roag-museo5-512x354.jpg 512w\" sizes=\"(max-width: 800px) 100vw, 800px\" \/><\/figure><\/li><\/ul><a class=\"wp-block-jetpack-slideshow_button-prev swiper-button-prev swiper-button-white\" role=\"button\"><\/a><a class=\"wp-block-jetpack-slideshow_button-next swiper-button-next swiper-button-white\" role=\"button\"><\/a><a aria-label=\"Pause Slideshow\" class=\"wp-block-jetpack-slideshow_button-pause\" role=\"button\"><\/a><div class=\"wp-block-jetpack-slideshow_pagination swiper-pagination swiper-pagination-white\"><\/div><\/div><\/div>\n<\/div><\/div>\n\n\n\n<p>Este edificio de cuatro plantas, alberga &nbsp;la mayor exposici\u00f3n de objetos originales y de inter\u00e9s relacionados con Los Beatles.<\/p>\n\n\n\n<p>Se trata de una extensa y personal colecci\u00f3n que&nbsp; Roag Aspinall-Best ha reunido de su entorno familiar, a lo largo de 30 a\u00f1os.&nbsp;<\/p>\n\n\n\n<p>Encontramos objetos desde los primeros d\u00edas de la banda en Liverpool y Hamburgo hasta su ascenso a la fama mundial, que nunca hab\u00edan sido mostrados al p\u00fablico: ropas, instrumentos, cartas personales, manuscritos de canciones, carteles, etc.<\/p>\n\n\n\n<p>Roag, el propietario de este museo es el hermanastro de Pete Best&nbsp; (primer baterista de la banda) e hijo de Neil Aspinall, &nbsp;compa\u00f1ero de colegio de George Harrison y Paul McCartney, con los que trab\u00f3 amistad en la infancia.<\/p>\n\n\n\n<p>Aspinall se convirti\u00f3 en &nbsp;<em>road manager<\/em>, asistente personal de Los Beatles, y m\u00e1s tarde director de Apple Corporation.<\/p>\n\n\n\n<p class=\"has-very-dark-gray-color has-text-color\">La madre de Roag y Pete Best &nbsp;fue Mona Best, empresaria y fundadora del <strong><a href=\"https:\/\/www.liverpoolmagico.net\/wp-admin\/post.php?post=5040&amp;action=edit\" class=\"aioseop-link\">Casbah Coffee Club<\/a><\/strong>, el primer club de rock and roll en Liverpool. Debido a su trabajo en la defensa de la m\u00fasica en Liverpool a finales de los a\u00f1os 50,  la apodaron \u00abLa Madre del ritmo de Mersey\u00bb.<\/p>\n\n\n\n<p class=\"has-very-dark-gray-color has-text-color\">Parte de las piezas del museo no se entienden sin visitar el <strong><a href=\"https:\/\/www.liverpoolmagico.net\/wp-admin\/post.php?post=5040&amp;action=edit\" class=\"aioseop-link\">Club Casbah<\/a>.<\/strong> Mona acondicion\u00f3 el s\u00f3tano de su casa como sala de ensayo y conciertos y &nbsp;los Beatles se encargaron de pintarlo y decorarlo. &nbsp;Algunos de los objetos y mobiliario de <strong><a href=\"https:\/\/www.liverpoolmagico.net\/wp-admin\/post.php?post=5040&amp;action=edit\" class=\"aioseop-link\">Casbah<\/a><\/strong> se encuentran actualmente en este lugar.<\/p>\n\n\n\n<p>En definitiva, en este museo descubrimos diferentes conexiones que nos proporciona una visi\u00f3n de la vida personal y profesional de Los Beatles, pues detr\u00e1s de cada objeto, encontramos una historia.<\/p>\n\n\n\n<p>El museo cuenta con un cat\u00e1logo en espa\u00f1ol que le ayudar\u00e1 a comprender la an\u00e9cdota que encierra&nbsp; cada objeto.<\/p>\n\n\n\n<p><strong>Direcci\u00f3n<\/strong>: 23 Mathew St, Liverpool L2 6RE<\/p>\n\n\n\n<p><strong>Horario:<\/strong> <\/p>\n\n\n\n<p class=\"has-very-light-gray-background-color has-background\">De lunes a domingo. 10:00 a 17:00 h.<\/p>\n\n\n\n<p><strong>Precios:<\/strong><\/p>\n\n\n\n<div class=\"wp-block-group\"><div class=\"wp-block-group__inner-container is-layout-flow wp-block-group-is-layout-flow\">\n<p class=\"has-very-light-gray-background-color has-background\">\u2022 Adultos: 17 libras.<br \/>\u2022 Mayores de 60 a\u00f1os: 12 libras<br \/>\u2022 Ni\u00f1os menores de 15 a\u00f1os: 8.50 libras<\/p>\n<\/div><\/div>\n\n\n\n<p><\/p>\n\n\n\n<p><strong>Reservas:<\/strong><\/p>\n\n\n\n<p>Escriba un email a info@liverpoolmagico.com indicando la fecha, n\u00famero de personas y condici\u00f3n: adulto, ni\u00f1o o mayor de 60 a\u00f1os.<\/p>\n\n\n\n<p>Importante: no es necesario reservar un tour para comprar la entrada<\/p>\n\n\n\n<p>Enviaremos un email con el bono que deber\u00e1 imprimir y presentar en el museo.<\/p>\n\n\n\n<p><\/p>\n","protected":false},"excerpt":{"rendered":"<p>Este edificio de cuatro plantas, alberga &nbsp;la mayor exposici\u00f3n de objetos originales y de inter\u00e9s relacionados con Los Beatles. Se trata de una extensa y personal colecci\u00f3n que&nbsp; Roag Aspinall-Best ha reunido de su entorno familiar, a lo largo de 30 a\u00f1os.&nbsp; Encontramos objetos desde los primeros d\u00edas de la<a href=\"https:\/\/www.liverpoolmagico.net\/index.php\/magical-beatles-museum\/\" class=\"read-more\">Read the rest of this page &raquo;<\/a><\/p>\n","protected":false},"author":2,"featured_media":0,"parent":0,"menu_order":0,"comment_status":"closed","ping_status":"closed","template":"","meta":{"jetpack_post_was_ever_published":false,"footnotes":""},"class_list":["post-5015","page","type-page","status-publish","hentry"],"aioseo_notices":[],"jetpack_shortlink":"https:\/\/wp.me\/P3lKQ0-1iT","jetpack_sharing_enabled":true,"_links":{"self":[{"href":"https:\/\/www.liverpoolmagico.net\/index.php\/wp-json\/wp\/v2\/pages\/5015","targetHints":{"allow":["GET"]}}],"collection":[{"href":"https:\/\/www.liverpoolmagico.net\/index.php\/wp-json\/wp\/v2\/pages"}],"about":[{"href":"https:\/\/www.liverpoolmagico.net\/index.php\/wp-json\/wp\/v2\/types\/page"}],"author":[{"embeddable":true,"href":"https:\/\/www.liverpoolmagico.net\/index.php\/wp-json\/wp\/v2\/users\/2"}],"replies":[{"embeddable":true,"href":"https:\/\/www.liverpoolmagico.net\/index.php\/wp-json\/wp\/v2\/comments?post=5015"}],"version-history":[{"count":0,"href":"https:\/\/www.liverpoolmagico.net\/index.php\/wp-json\/wp\/v2\/pages\/5015\/revisions"}],"wp:attachment":[{"href":"https:\/\/www.liverpoolmagico.net\/index.php\/wp-json\/wp\/v2\/media?parent=5015"}],"curies":[{"name":"wp","href":"https:\/\/api.w.org\/{rel}","templated":true}]}}