{"id":4991,"date":"2020-03-30T22:24:42","date_gmt":"2020-03-30T22:24:42","guid":{"rendered":"https:\/\/www.liverpoolmagico.net\/?page_id=4991"},"modified":"2025-04-09T08:07:30","modified_gmt":"2025-04-09T08:07:30","slug":"beatles-story","status":"publish","type":"page","link":"https:\/\/www.liverpoolmagico.net\/index.php\/beatles-story\/","title":{"rendered":"Beatles Story Museum"},"content":{"rendered":"\n<div class=\"wp-block-columns is-layout-flex wp-container-core-columns-is-layout-9d6595d7 wp-block-columns-is-layout-flex\">\n<div class=\"wp-block-column is-layout-flow wp-block-column-is-layout-flow\" style=\"flex-basis:100%\">\n<h2 class=\"wp-block-heading has-text-align-center\"><strong>Evite colas y acceda a la hora que desee, dentro del horario de apertura y \u00faltima admisi\u00f3n.<\/strong><\/h2>\n<\/div>\n<\/div>\n\n\n\n<div class=\"wp-block-jetpack-slideshow aligncenter\" data-autoplay=\"true\" data-delay=\"3\" data-effect=\"fade\"><div class=\"wp-block-jetpack-slideshow_container swiper-container\"><ul class=\"wp-block-jetpack-slideshow_swiper-wrapper swiper-wrapper\"><li class=\"wp-block-jetpack-slideshow_slide swiper-slide\"><figure><img loading=\"lazy\" decoding=\"async\" width=\"960\" height=\"640\" alt=\"\" class=\"wp-block-jetpack-slideshow_image wp-image-4993\" data-id=\"4993\" src=\"https:\/\/www.liverpoolmagico.net\/wp-content\/uploads\/2020\/03\/beatles-story-foto-4.jpg\" srcset=\"https:\/\/www.liverpoolmagico.net\/wp-content\/uploads\/2020\/03\/beatles-story-foto-4.jpg 960w, https:\/\/www.liverpoolmagico.net\/wp-content\/uploads\/2020\/03\/beatles-story-foto-4-600x400.jpg 600w, https:\/\/www.liverpoolmagico.net\/wp-content\/uploads\/2020\/03\/beatles-story-foto-4-300x200.jpg 300w, https:\/\/www.liverpoolmagico.net\/wp-content\/uploads\/2020\/03\/beatles-story-foto-4-768x512.jpg 768w, https:\/\/www.liverpoolmagico.net\/wp-content\/uploads\/2020\/03\/beatles-story-foto-4-531x354.jpg 531w\" sizes=\"(max-width: 960px) 100vw, 960px\" \/><\/figure><\/li><li class=\"wp-block-jetpack-slideshow_slide swiper-slide\"><figure><img loading=\"lazy\" decoding=\"async\" width=\"750\" height=\"430\" alt=\"\" class=\"wp-block-jetpack-slideshow_image wp-image-4994\" data-id=\"4994\" src=\"https:\/\/www.liverpoolmagico.net\/wp-content\/uploads\/2020\/03\/beatles-story-foto-3.jpg\" srcset=\"https:\/\/www.liverpoolmagico.net\/wp-content\/uploads\/2020\/03\/beatles-story-foto-3.jpg 750w, https:\/\/www.liverpoolmagico.net\/wp-content\/uploads\/2020\/03\/beatles-story-foto-3-600x344.jpg 600w, https:\/\/www.liverpoolmagico.net\/wp-content\/uploads\/2020\/03\/beatles-story-foto-3-300x172.jpg 300w, https:\/\/www.liverpoolmagico.net\/wp-content\/uploads\/2020\/03\/beatles-story-foto-3-617x354.jpg 617w\" sizes=\"(max-width: 750px) 100vw, 750px\" \/><\/figure><\/li><li class=\"wp-block-jetpack-slideshow_slide swiper-slide\"><figure><img loading=\"lazy\" decoding=\"async\" width=\"750\" height=\"430\" alt=\"\" class=\"wp-block-jetpack-slideshow_image wp-image-4995\" data-id=\"4995\" src=\"https:\/\/www.liverpoolmagico.net\/wp-content\/uploads\/2020\/03\/beatles-story-foto-2.jpg\" srcset=\"https:\/\/www.liverpoolmagico.net\/wp-content\/uploads\/2020\/03\/beatles-story-foto-2.jpg 750w, https:\/\/www.liverpoolmagico.net\/wp-content\/uploads\/2020\/03\/beatles-story-foto-2-600x344.jpg 600w, https:\/\/www.liverpoolmagico.net\/wp-content\/uploads\/2020\/03\/beatles-story-foto-2-300x172.jpg 300w, https:\/\/www.liverpoolmagico.net\/wp-content\/uploads\/2020\/03\/beatles-story-foto-2-617x354.jpg 617w\" sizes=\"(max-width: 750px) 100vw, 750px\" \/><\/figure><\/li><li class=\"wp-block-jetpack-slideshow_slide swiper-slide\"><figure><img loading=\"lazy\" decoding=\"async\" width=\"1776\" height=\"1332\" alt=\"\" class=\"wp-block-jetpack-slideshow_image wp-image-4996\" data-id=\"4996\" src=\"https:\/\/www.liverpoolmagico.net\/wp-content\/uploads\/2020\/03\/28125580_10214924312452493_1172014960_o.jpg\" srcset=\"https:\/\/www.liverpoolmagico.net\/wp-content\/uploads\/2020\/03\/28125580_10214924312452493_1172014960_o.jpg 1776w, https:\/\/www.liverpoolmagico.net\/wp-content\/uploads\/2020\/03\/28125580_10214924312452493_1172014960_o-600x450.jpg 600w, https:\/\/www.liverpoolmagico.net\/wp-content\/uploads\/2020\/03\/28125580_10214924312452493_1172014960_o-300x225.jpg 300w, https:\/\/www.liverpoolmagico.net\/wp-content\/uploads\/2020\/03\/28125580_10214924312452493_1172014960_o-1024x768.jpg 1024w, https:\/\/www.liverpoolmagico.net\/wp-content\/uploads\/2020\/03\/28125580_10214924312452493_1172014960_o-768x576.jpg 768w, https:\/\/www.liverpoolmagico.net\/wp-content\/uploads\/2020\/03\/28125580_10214924312452493_1172014960_o-1536x1152.jpg 1536w, https:\/\/www.liverpoolmagico.net\/wp-content\/uploads\/2020\/03\/28125580_10214924312452493_1172014960_o-472x354.jpg 472w\" sizes=\"(max-width: 1776px) 100vw, 1776px\" \/><\/figure><\/li><\/ul><a class=\"wp-block-jetpack-slideshow_button-prev swiper-button-prev swiper-button-white\" role=\"button\"><\/a><a class=\"wp-block-jetpack-slideshow_button-next swiper-button-next swiper-button-white\" role=\"button\"><\/a><a aria-label=\"Pause Slideshow\" class=\"wp-block-jetpack-slideshow_button-pause\" role=\"button\"><\/a><div class=\"wp-block-jetpack-slideshow_pagination swiper-pagination swiper-pagination-white\"><\/div><\/div><\/div>\n\n\n\n<p class=\"has-normal-font-size\">Se trata de la exposici\u00f3n m\u00e1s completa del mundo sobre Los Beatles. Su visita  le har\u00e1 redescubrir la historia de la banda desde los comienzos hasta la fama, adentr\u00e1ndose por las diferentes salas tem\u00e1ticas, donde se recrean los lugares y momentos de su carrera, como Hamburgo, The Casbah Coffee Club o The Cavern Club. Revivir\u00e1 la Beatleman\u00eda y se envolver\u00e1 en la magn\u00edfica puesta en escena de sus \u00e1lbumes, hasta finalizar con la carrera en solitario de cada uno de ellos.<br \/> Adem\u00e1s,  el museo cuenta con una impresionante colecci\u00f3n de objetos originales como instrumentos musicales, ropa, las lentes de John Lennon, fotograf\u00edas in\u00e9ditas y letras originales escritas a mano.<\/p>\n\n\n\n<p class=\"has-normal-font-size\"><br \/><strong>Ubicaci\u00f3n:<\/strong><\/p>\n\n\n\n<p class=\"has-normal-font-size\">El museo se encuentra en el Royal Albert Dock.<br \/>Durante la visita dispondr\u00e1n de un audiogu\u00eda en espa\u00f1ol con toda la informaci\u00f3n necesaria para no perderse ni un detalle.<\/p>\n\n\n<div class=\"wp-block-image\">\n<figure class=\"aligncenter size-large is-resized\"><a href=\"https:\/\/www.google.com\/maps\/d\/u\/0\/embed?mid=1hXcVQapPgnjbbaKiQ13OI9I8qFQ&amp;ie=UTF8&amp;hl=en&amp;t=h&amp;msa=0&amp;ll=53.399486112559714%2C-2.9912540842653925&amp;spn=0.002239%2C0.00456&amp;z=17&amp;output=embed\"><img loading=\"lazy\" decoding=\"async\" width=\"300\" height=\"224\" src=\"https:\/\/www.liverpoolmagico.net\/wp-content\/uploads\/2020\/03\/pincha-aqu\u00ed.png\" alt=\"\" class=\"wp-image-5004\" style=\"width:87px;height:65px\"\/><\/a><\/figure>\n<\/div>\n\n\n<p class=\"has-normal-font-size\"><br \/> <strong>Horario:<\/strong><\/p>\n\n\n\n<p class=\"has-very-light-gray-background-color has-background has-normal-font-size\">\u2022 De abril a octubre: de 9:00 a 19:00 horas. \u00daltima admisi\u00f3n a las 18:00 horas.<br \/>\u2022 De noviembre a marzo: de 10:00 a 18:00 horas. \u00daltima admisi\u00f3n a las 17:00 horas.<\/p>\n\n\n\n<p class=\"has-normal-font-size\"><\/p>\n\n\n\n<p><\/p>\n\n\n\n<p class=\"has-normal-font-size\"><strong> Precios: <\/strong><\/p>\n\n\n\n<p class=\"has-very-light-gray-background-color has-background has-normal-font-size\">\u2022 Adultos: 20 libras.<br \/>\u2022 Mayores de 60 a\u00f1os: 16 libras <br \/>\u2022 Ni\u00f1os de 5 a 15 a\u00f1os: 11 libras<\/p>\n\n\n\n<p class=\"has-normal-font-size\"><\/p>\n\n\n\n<p class=\"has-normal-font-size\">Rellene el formulario de abajo, indicando la fecha, el n\u00famero de entradas que necesitan de adultos, mayores de 60 y ni\u00f1os. Enviaremos un email con el bono que deber\u00e1 ense\u00f1ar en el museo, una vez pagado el importe total.<\/p>\n\n\n\n<p class=\"has-normal-font-size\">Con nuestro bono no necesita guardar colas.<\/p>\n\n\n<div class=\"wp-block-jetpack-contact-form is-layout-flex wp-container-jetpack-contact-form-is-layout-026b38f8 wp-block-jetpack-contact-form-is-layout-flex\"><a href=\"https:\/\/www.liverpoolmagico.net\/index.php\/beatles-story\/\" target=\"_blank\" rel=\"noopener noreferrer\">Env\u00eda un formulario.<\/a><\/div>\n\n\n<p class=\"has-normal-font-size\"><br \/>El pago se realiza despu\u00e9s de que recibamos su petici\u00f3n y nos pongamos en contacto con usted.<\/p>\n\n\n\n<script src=\"https:\/\/www.paypal.com\/sdk\/js?client-id=BAAjATLqxXfOUwd3NCt0abNoiursojpuS2x4YyU_3Qg0wXyy1AXWT-GnwGUx6woY5QsKI0GVqoyUzyeD3U&#038;components=hosted-buttons&#038;disable-funding=venmo&#038;currency=GBP\"><\/script>\n<div id=\"paypal-container-MRJRFH2HP6RPW\"><\/div>\n<script>\n  paypal.HostedButtons({\n    hostedButtonId: \"MRJRFH2HP6RPW\",\n  }).render(\"#paypal-container-MRJRFH2HP6RPW\")\n<\/script>\n","protected":false},"excerpt":{"rendered":"<p>Evite colas y acceda a la hora que desee, dentro del horario de apertura y \u00faltima admisi\u00f3n. Se trata de la exposici\u00f3n m\u00e1s completa del mundo sobre Los Beatles. Su visita le har\u00e1 redescubrir la historia de la banda desde los comienzos hasta la fama, adentr\u00e1ndose por las diferentes salas<a href=\"https:\/\/www.liverpoolmagico.net\/index.php\/beatles-story\/\" class=\"read-more\">Read the rest of this page &raquo;<\/a><\/p>\n","protected":false},"author":2,"featured_media":0,"parent":0,"menu_order":0,"comment_status":"closed","ping_status":"closed","template":"","meta":{"jetpack_post_was_ever_published":false,"footnotes":""},"class_list":["post-4991","page","type-page","status-publish","hentry"],"aioseo_notices":[],"jetpack_shortlink":"https:\/\/wp.me\/P3lKQ0-1iv","jetpack_sharing_enabled":true,"_links":{"self":[{"href":"https:\/\/www.liverpoolmagico.net\/index.php\/wp-json\/wp\/v2\/pages\/4991","targetHints":{"allow":["GET"]}}],"collection":[{"href":"https:\/\/www.liverpoolmagico.net\/index.php\/wp-json\/wp\/v2\/pages"}],"about":[{"href":"https:\/\/www.liverpoolmagico.net\/index.php\/wp-json\/wp\/v2\/types\/page"}],"author":[{"embeddable":true,"href":"https:\/\/www.liverpoolmagico.net\/index.php\/wp-json\/wp\/v2\/users\/2"}],"replies":[{"embeddable":true,"href":"https:\/\/www.liverpoolmagico.net\/index.php\/wp-json\/wp\/v2\/comments?post=4991"}],"version-history":[{"count":0,"href":"https:\/\/www.liverpoolmagico.net\/index.php\/wp-json\/wp\/v2\/pages\/4991\/revisions"}],"wp:attachment":[{"href":"https:\/\/www.liverpoolmagico.net\/index.php\/wp-json\/wp\/v2\/media?parent=4991"}],"curies":[{"name":"wp","href":"https:\/\/api.w.org\/{rel}","templated":true}]}}