{"id":4796,"date":"2020-03-18T23:38:19","date_gmt":"2020-03-18T23:38:19","guid":{"rendered":"https:\/\/www.liverpoolmagico.net\/?page_id=4796"},"modified":"2025-04-06T08:49:15","modified_gmt":"2025-04-06T08:49:15","slug":"experiencia-completa-de-beatles-en-londres-y-liverpool","status":"publish","type":"page","link":"https:\/\/www.liverpoolmagico.net\/index.php\/experiencia-completa-de-beatles-en-londres-y-liverpool\/","title":{"rendered":"Experiencia Beatles al completo: Londres y Liverpool"},"content":{"rendered":"\n<p class=\"has-very-light-gray-color has-text-color has-background\" style=\"background-color:#33657b;font-size:18px\">Sigue las huellas de Los Beatles en Londres y Liverpool con este tour privado.  Descubre en este paquete las dos ciudades de Inglaterra, donde empez\u00f3 todo:&nbsp;Liverpool y Londres.        <\/p>\n\n\n\n<p><\/p>\n\n\n\n<p class=\"has-text-align-left has-very-light-gray-background-color has-background has-medium-font-size\"><strong>LONDRES.<\/strong><\/p>\n\n\n\n<p class=\"has-normal-font-size\">Los cuatro de Liverpool llegaron por primera vez en 1962 a Londres para hacer su primera prueba con EMI en los estudios de Abbey Road.<\/p>\n\n\n\n<p class=\"has-normal-font-size\">Juntos, recorreremos a pie los lugares esenciales donde Paul, John, George y Ringo desarrollaron sus trayectoria profesional hasta 1969.<\/p>\n\n\n\n<p class=\"has-normal-font-size\">Descubriremos cu\u00e1l fue el teatro donde la histeria de los fans llev\u00f3 a acu\u00f1ar el t\u00e9rmino de \u201cBeatleman\u00eda\u201d, y  tambi\u00e9n el club que les vieron nacer, no s\u00f3lo a ellos sino a muchos otros grandes de la historia de la m\u00fasica como Jimi Hendrix, Tom Jones, The Who, The Animal, etc. Llegaremos a la famosa Carnaby Street, el edificio de Apple Corps donde dieron su \u00faltimo concierto, y las oficinas de Brian Epstein donde Los Beatles se reun\u00edan con su manager y firmaban miles de tarjetas y fotograf\u00edas para los fans de todo el mundo. Pasaremos por las oficinas de la compa\u00f1\u00eda de McCartney, sin olvidarnos de los estudios Trident.  Iremos al lugar donde Paul conoci\u00f3 a Linda Eastman y por supuesto, a la galer\u00eda de Arte donde John se enamor\u00f3 de Yoko. Por \u00faltimo, iremos a los estudios de Abbey Road donde sus composiciones vieron la luz, y terminaremos en el paso de cebra m\u00e1s famoso del mundo.<\/p>\n\n\n\n<p class=\"has-text-align-left has-very-light-gray-background-color has-background has-medium-font-size\"><strong>LIVERPOOL<\/strong><\/p>\n\n\n\n<p class=\"has-normal-font-size\">En Liverpool, conocer\u00e1n la historia de la banda visitando el mayor museo dedicado a Los Beatles del mundo: <strong>Beatles Story<\/strong>. Continuaremos nuestra visita a bordo de un veh\u00edculo recorriendo los principales lugares de inter\u00e9s, deteni\u00e9ndonos en cada uno de los puntos con el tiempo necesario para disfrutar y hacer fotos. Durante el recorrido, amenizado con las canciones y fotograf\u00edas que tiene que ver con cada lugar, pararemos en las casas de infancia de Beatles y las escuelas donde estudiaron. Vivir\u00e1n una m\u00e1gica experiencia viendo los lugares que se mencionan en la canci\u00f3n de Penny Lane. Haremos otra parada en la Iglesia de St. Pete, donde John y Paul se conocieron y donde se encuentra la tumba de Eleanor Rigby. Visitaremos el lugar que inspir\u00f3 a John la canci\u00f3n de Strawberry Fields y nos adentraremos en sus jardines, abiertos por primera vez al p\u00fablico en septiembre del 2019. Adem\u00e1s, pasaremos delante de los pubs favoritos de los Beatles y terminaremos en la famosa Caverna para disfrutar de la m\u00fasica en vivo y respirar el ambiente del club donde la banda toc\u00f3 casi 300 veces.<\/p>\n\n\n\n<p class=\"has-text-align-center has-very-light-gray-color has-text-color has-background has-medium-font-size\" style=\"background-color:#33657b\"><strong>PRECIO: \u00a3200 por persona.  <\/strong><\/p>\n\n\n\n<p class=\"has-text-align-center has-normal-font-size\"><strong>(M\u00ednimo 4 personas) <\/strong><\/p>\n\n\n\n<p class=\"has-normal-font-size\"><strong>La tarifa incluye:<\/strong><\/p>\n\n\n\n<p class=\"has-text-align-center has-normal-font-size\"><strong>LONDRES<\/strong><\/p>\n\n\n\n<p class=\"has-normal-font-size\">Gu\u00eda en espa\u00f1ol 4 horas.<\/p>\n\n\n\n<p class=\"has-normal-font-size\">-Recogida en la estaci\u00f3n de Euston u hotel.<\/p>\n\n\n\n<p class=\"has-normal-font-size\">-Billetes de metro.<\/p>\n\n\n\n<p class=\"has-normal-font-size\"><\/p>\n\n\n\n<p class=\"has-text-align-center has-normal-font-size\"><strong>LIVERPOOL<\/strong><\/p>\n\n\n\n<p class=\"has-normal-font-size\">-Gu\u00eda en espa\u00f1ol 5 horas.<\/p>\n\n\n\n<p class=\"has-normal-font-size\">-Recogida en la estaci\u00f3n de tren Lime u hotel.<\/p>\n\n\n\n<p class=\"has-normal-font-size\">-Traslado privado en taxi al museo de los Beatles \u00abBeatles Story\u00bb.<\/p>\n\n\n\n<p class=\"has-normal-font-size\">-Entrada en el museo de los Beatles con audiogu\u00eda en espa\u00f1ol.<\/p>\n\n\n\n<p class=\"has-normal-font-size\">-Veh\u00edculo privado para el tour.<\/p>\n\n\n\n<p class=\"has-normal-font-size\">-Entrada en La Caverna.<\/p>\n\n\n\n<p class=\"has-normal-font-size\"><\/p>\n\n\n\n<p class=\"has-normal-font-size\"><strong>La tarifa no incluye:<\/strong><\/p>\n\n\n\n<p class=\"has-normal-font-size\">-Los billetes de tren Londres &#8211; Liverpool \u2013 Londres,<\/p>\n\n\n\n<p class=\"has-normal-font-size\">-comidas y bebidas,<\/p>\n\n\n\n<p class=\"has-normal-font-size\">-Traslado de La Caverna a la estaci\u00f3n Lime u hotel,<\/p>\n\n\n\n<p class=\"has-normal-font-size\">-Traslado de Abbey Road a la estaci\u00f3n u hotel.<\/p>\n\n\n\n<p class=\"has-normal-font-size\"><strong>Tenga en cuenta:<\/strong><\/p>\n\n\n\n<p class=\"has-normal-font-size\">Que al adquirir los billetes de tren, la llegada no debe ser m\u00e1s tarde de las 11:30 am y para el regreso calculen el tiempo de duraci\u00f3n del tour.<\/p>\n\n\n\n<p class=\"has-normal-font-size\">P\u00f3ngase en contacto con nosotros si necesita ayuda para la gesti\u00f3n de los billetes.<\/p>\n\n\n\n<p class=\"has-normal-font-size\">Si viaja con ni\u00f1os o son menos de 4 personas, cons\u00faltenos.<\/p>\n\n\n\n<p class=\"has-normal-font-size\"><strong>Cancelaciones:<\/strong><\/p>\n\n\n\n<p class=\"has-normal-font-size\">La reserva debe ser cancelada al menos 72 horas antes de la salida, si no, generar\u00e1 100% gastos.<\/p>\n\n\n\n<p><\/p>\n\n\n\n<p><\/p>\n\n\n\n<p><\/p>\n","protected":false},"excerpt":{"rendered":"<p>Sigue las huellas de Los Beatles en Londres y Liverpool con este tour privado. Descubre en este paquete las dos ciudades de Inglaterra, donde empez\u00f3 todo:&nbsp;Liverpool y Londres. LONDRES. Los cuatro de Liverpool llegaron por primera vez en 1962 a Londres para hacer su primera prueba con EMI en los<a href=\"https:\/\/www.liverpoolmagico.net\/index.php\/experiencia-completa-de-beatles-en-londres-y-liverpool\/\" class=\"read-more\">Read the rest of this page &raquo;<\/a><\/p>\n","protected":false},"author":2,"featured_media":4813,"parent":0,"menu_order":0,"comment_status":"closed","ping_status":"closed","template":"","meta":{"jetpack_post_was_ever_published":false,"footnotes":""},"class_list":["post-4796","page","type-page","status-publish","has-post-thumbnail","hentry"],"aioseo_notices":[],"jetpack_shortlink":"https:\/\/wp.me\/P3lKQ0-1fm","jetpack_sharing_enabled":true,"_links":{"self":[{"href":"https:\/\/www.liverpoolmagico.net\/index.php\/wp-json\/wp\/v2\/pages\/4796","targetHints":{"allow":["GET"]}}],"collection":[{"href":"https:\/\/www.liverpoolmagico.net\/index.php\/wp-json\/wp\/v2\/pages"}],"about":[{"href":"https:\/\/www.liverpoolmagico.net\/index.php\/wp-json\/wp\/v2\/types\/page"}],"author":[{"embeddable":true,"href":"https:\/\/www.liverpoolmagico.net\/index.php\/wp-json\/wp\/v2\/users\/2"}],"replies":[{"embeddable":true,"href":"https:\/\/www.liverpoolmagico.net\/index.php\/wp-json\/wp\/v2\/comments?post=4796"}],"version-history":[{"count":0,"href":"https:\/\/www.liverpoolmagico.net\/index.php\/wp-json\/wp\/v2\/pages\/4796\/revisions"}],"wp:featuredmedia":[{"embeddable":true,"href":"https:\/\/www.liverpoolmagico.net\/index.php\/wp-json\/wp\/v2\/media\/4813"}],"wp:attachment":[{"href":"https:\/\/www.liverpoolmagico.net\/index.php\/wp-json\/wp\/v2\/media?parent=4796"}],"curies":[{"name":"wp","href":"https:\/\/api.w.org\/{rel}","templated":true}]}}