{"id":408,"date":"2013-11-13T12:27:39","date_gmt":"2013-11-13T12:27:39","guid":{"rendered":"http:\/\/www.liverpoolmagico.net\/?page_id=408"},"modified":"2020-03-22T13:38:02","modified_gmt":"2020-03-22T13:38:02","slug":"bus-turistico-para-grupos","status":"publish","type":"page","link":"https:\/\/www.liverpoolmagico.net\/index.php\/bus-turistico-para-grupos\/","title":{"rendered":"Bus tur\u00edstico para grupos"},"content":{"rendered":"<h3><span style=\"color: #3366ff;\"><strong>Bus tur\u00edstico para grupos.\u00a0<\/strong><\/span><\/h3>\n<p><img loading=\"lazy\" decoding=\"async\" class=\"size-full wp-image-4900 aligncenter\" src=\"https:\/\/www.liverpoolmagico.net\/wp-content\/uploads\/2020\/03\/bus.jpg\" alt=\"\" width=\"768\" height=\"576\" srcset=\"https:\/\/www.liverpoolmagico.net\/wp-content\/uploads\/2020\/03\/bus.jpg 768w, https:\/\/www.liverpoolmagico.net\/wp-content\/uploads\/2020\/03\/bus-600x450.jpg 600w, https:\/\/www.liverpoolmagico.net\/wp-content\/uploads\/2020\/03\/bus-300x225.jpg 300w, https:\/\/www.liverpoolmagico.net\/wp-content\/uploads\/2020\/03\/bus-472x354.jpg 472w\" sizes=\"auto, (max-width: 768px) 100vw, 768px\" \/><\/p>\n<h4><\/h4>\n<h4><\/h4>\n<h4><\/h4>\n<h4><\/h4>\n<h4><\/h4>\n<h4><\/h4>\n<h4><\/h4>\n<h4><\/h4>\n<h4><\/h4>\n<ul>\n<li>\n<h4>&#8211; Para grupos grandes, ofrecemos un recorrido en bus por los puntos importantes de la ciudad de Liverpool y\/o de Los Beatles, haciendo paradas en los principales sitios y monumentos.<\/h4>\n<\/li>\n<li>\n<h4>&#8211; Este tour no es regular sino de car\u00e1cter privado.<\/h4>\n<\/li>\n<li>\n<h4>&#8211; Nos adaptamos a sus necesidades en cuanto al recorrido y duraci\u00f3n.<\/h4>\n<\/li>\n<li>\n<h4>&#8211; Hay posibilidad de incluir comidas, entradas a museos, concierto de Los Beatles o cualquier otra atracci\u00f3n.<\/h4>\n<\/li>\n<li>\n<h4>&#8211; Presupuestos a medida.<\/h4>\n<\/li>\n<li>\n<h4>&#8211; Servicio de recogida en el punto deseado.<\/h4>\n<\/li>\n<li>\n<h4>&#8211; Para m\u00e1s informaci\u00f3n escr\u00edbanos a info@liverpoolmagico.com<\/h4>\n<\/li>\n<\/ul>\n<h4><\/h4>\n<h4><b>\u00a0<\/b><\/h4>\n","protected":false},"excerpt":{"rendered":"<p>Bus tur\u00edstico para grupos.\u00a0 &#8211; Para grupos grandes, ofrecemos un recorrido en bus por los puntos importantes de la ciudad de Liverpool y\/o de Los Beatles, haciendo paradas en los principales sitios y monumentos. &#8211; Este tour no es regular sino de car\u00e1cter privado. &#8211; Nos adaptamos a sus necesidades<a href=\"https:\/\/www.liverpoolmagico.net\/index.php\/bus-turistico-para-grupos\/\" class=\"read-more\">Read the rest of this page &raquo;<\/a><\/p>\n","protected":false},"author":2,"featured_media":0,"parent":0,"menu_order":0,"comment_status":"closed","ping_status":"open","template":"","meta":{"jetpack_post_was_ever_published":false,"footnotes":""},"class_list":["post-408","page","type-page","status-publish","hentry"],"aioseo_notices":[],"jetpack_shortlink":"https:\/\/wp.me\/P3lKQ0-6A","jetpack_sharing_enabled":true,"_links":{"self":[{"href":"https:\/\/www.liverpoolmagico.net\/index.php\/wp-json\/wp\/v2\/pages\/408","targetHints":{"allow":["GET"]}}],"collection":[{"href":"https:\/\/www.liverpoolmagico.net\/index.php\/wp-json\/wp\/v2\/pages"}],"about":[{"href":"https:\/\/www.liverpoolmagico.net\/index.php\/wp-json\/wp\/v2\/types\/page"}],"author":[{"embeddable":true,"href":"https:\/\/www.liverpoolmagico.net\/index.php\/wp-json\/wp\/v2\/users\/2"}],"replies":[{"embeddable":true,"href":"https:\/\/www.liverpoolmagico.net\/index.php\/wp-json\/wp\/v2\/comments?post=408"}],"version-history":[{"count":0,"href":"https:\/\/www.liverpoolmagico.net\/index.php\/wp-json\/wp\/v2\/pages\/408\/revisions"}],"wp:attachment":[{"href":"https:\/\/www.liverpoolmagico.net\/index.php\/wp-json\/wp\/v2\/media?parent=408"}],"curies":[{"name":"wp","href":"https:\/\/api.w.org\/{rel}","templated":true}]}}