{"id":399,"date":"2013-11-13T11:56:20","date_gmt":"2013-11-13T11:56:20","guid":{"rendered":"http:\/\/www.liverpoolmagico.net\/?page_id=399"},"modified":"2025-04-06T08:51:54","modified_gmt":"2025-04-06T08:51:54","slug":"tour-de-beatles","status":"publish","type":"page","link":"https:\/\/www.liverpoolmagico.net\/index.php\/tour-de-beatles\/","title":{"rendered":"Tour de Beatles"},"content":{"rendered":"\n<p class=\"has-text-align-center has-very-light-gray-background-color has-text-color has-background has-medium-font-size\" style=\"color:#266079\"><span style=\"color: #3366ff;\"><strong>CL\u00c1SICO TOUR DE BEATLES<\/strong><\/span><\/p>\n\n\n<div class=\"wp-block-image\">\n<figure class=\"alignleft size-large is-resized\"><a href=\"http:\/\/www.liverpoolmagico.net\/wp-content\/uploads\/2013\/03\/539198_518393858224998_419777715_n.jpg\"><img loading=\"lazy\" decoding=\"async\" width=\"500\" height=\"500\" src=\"https:\/\/www.liverpoolmagico.net\/wp-content\/uploads\/2020\/04\/Paul.gif\" alt=\"Cl\u00e1sico Tour de Beatles. Liverpool M\u00e1gico Tours\" class=\"wp-image-5309\" style=\"width:275px;height:275px\"\/><\/a><\/figure>\n<\/div>\n\n\n<h5 class=\"wp-block-heading\"><span style=\"color: #3366ff;\">&nbsp;<em>Duraci\u00f3n: 3 h. aprox.<\/em><\/span><\/h5>\n\n\n\n<p class=\"has-text-align-justify has-normal-font-size\">En este tour conocer\u00e1s el exterior de las casas de infancia de Beatles y las escuelas donde estudiaron. Vivir\u00e1s una m\u00e1gica experiencia viendo los lugares que se mencionan en la canci\u00f3n de Penny Lane. Haremos una parada en la Iglesia de St. Pete, donde John y Paul se conocieron y donde se encuentra la tumba de Eleanor Rigby. Conoceremos el lugar que inspir\u00f3 a John la canci\u00f3n de Strawberry Fields. Adem\u00e1s, pasaremos delante de otros edificios que tuvieron relaci\u00f3n con la banda y terminaremos a la puerta de la famosa Caverna, donde Los Beatles tocaron casi 300 veces.<\/p>\n\n\n\n<div class=\"wp-block-buttons is-content-justification-center is-layout-flex wp-container-core-buttons-is-layout-16018d1d wp-block-buttons-is-layout-flex\">\n<div class=\"wp-block-button is-style-outline is-style-outline--1\"><a class=\"wp-block-button__link has-vivid-cyan-blue-color has-text-color wp-element-button\">Reserva<\/a><\/div>\n<\/div>\n\n\n\n<h5 class=\"wp-block-heading\">&nbsp;<\/h5>\n\n\n\n<p class=\"has-text-align-center has-very-light-gray-background-color has-text-color has-background has-medium-font-size\" style=\"color:#266079\"><span style=\"color: #3366ff;\"><strong>M\u00c1GICO TOUR DE BEATLES<\/strong><\/span><\/p>\n\n\n<div class=\"wp-block-image\">\n<figure class=\"alignleft size-large is-resized\"><img loading=\"lazy\" decoding=\"async\" width=\"640\" height=\"636\" src=\"https:\/\/www.liverpoolmagico.net\/wp-content\/uploads\/2020\/04\/alvaro-imanes-8.jpg\" alt=\"M\u00e1gico tours de Beatles en espa\u00f1ol.\nLiverpool M\u00e1gico Tours.\" class=\"wp-image-5311\" style=\"width:275px;height:275px\" srcset=\"https:\/\/www.liverpoolmagico.net\/wp-content\/uploads\/2020\/04\/alvaro-imanes-8.jpg 640w, https:\/\/www.liverpoolmagico.net\/wp-content\/uploads\/2020\/04\/alvaro-imanes-8-100x100.jpg 100w, https:\/\/www.liverpoolmagico.net\/wp-content\/uploads\/2020\/04\/alvaro-imanes-8-600x596.jpg 600w, https:\/\/www.liverpoolmagico.net\/wp-content\/uploads\/2020\/04\/alvaro-imanes-8-300x298.jpg 300w, https:\/\/www.liverpoolmagico.net\/wp-content\/uploads\/2020\/04\/alvaro-imanes-8-150x150.jpg 150w, https:\/\/www.liverpoolmagico.net\/wp-content\/uploads\/2020\/04\/alvaro-imanes-8-356x354.jpg 356w\" sizes=\"auto, (max-width: 640px) 100vw, 640px\" \/><\/figure>\n<\/div>\n\n\n<h5 class=\"wp-block-heading\"><br \/><span style=\"color: #3366ff;\"><em>Duraci\u00f3n: 4 h. aprox.<\/em>&nbsp;<\/span><\/h5>\n\n\n\n<p class=\"has-text-align-justify has-normal-font-size\">Este recorrido incluye, adem\u00e1s del <span style=\"color: #ff0000;\"><span style=\"color: #3366ff;\">TOUR CL\u00c1SICO<\/span> <\/span>, una visita&nbsp;al&nbsp;genuino <strong><a href=\"https:\/\/www.liverpoolmagico.net\/wp-admin\/post.php?post=5040&amp;action=edit\" class=\"aioseop-link\">CLUB CASBAH<\/a>&nbsp;<\/strong>( MUY RECOMENDADO) propiedad de la madre del primer baterista del grupo, Pete Best. Los Beatles tocaron aqu\u00ed muchas veces&nbsp;e incluso pintaron el local, convirti\u00e9ndolo en su club personal.&nbsp;<\/p>\n\n\n\n<div class=\"wp-block-buttons is-content-justification-center is-layout-flex wp-container-core-buttons-is-layout-16018d1d wp-block-buttons-is-layout-flex\">\n<div class=\"wp-block-button is-style-outline is-style-outline--2\"><a class=\"wp-block-button__link has-vivid-cyan-blue-color has-text-color wp-element-button\">Reserva<\/a><\/div>\n<\/div>\n\n\n\n<div style=\"height:30px\" aria-hidden=\"true\" class=\"wp-block-spacer\"><\/div>\n\n\n\n<p><\/p>\n\n\n\n<p class=\"has-text-align-center has-very-light-gray-background-color has-text-color has-background has-medium-font-size\" style=\"color:#266079\"><span style=\"color: #3366ff;\"><strong>EXTRAORDINARIO TOUR DE BEATLES<\/strong><\/span><\/p>\n\n\n<div class=\"wp-block-image\">\n<figure class=\"alignleft size-large is-resized\"><img loading=\"lazy\" decoding=\"async\" width=\"502\" height=\"503\" src=\"https:\/\/www.liverpoolmagico.net\/wp-content\/uploads\/2020\/04\/alvaro-imanes-10-1.png\" alt=\"Extraordinario Tour de Beatles en espa\u00f1ol. Liverpool M\u00e1gico Tours.\" class=\"wp-image-5313\" style=\"width:275px;height:275px\" srcset=\"https:\/\/www.liverpoolmagico.net\/wp-content\/uploads\/2020\/04\/alvaro-imanes-10-1.png 502w, https:\/\/www.liverpoolmagico.net\/wp-content\/uploads\/2020\/04\/alvaro-imanes-10-1-300x301.png 300w, https:\/\/www.liverpoolmagico.net\/wp-content\/uploads\/2020\/04\/alvaro-imanes-10-1-100x100.png 100w, https:\/\/www.liverpoolmagico.net\/wp-content\/uploads\/2020\/04\/alvaro-imanes-10-1-150x150.png 150w, https:\/\/www.liverpoolmagico.net\/wp-content\/uploads\/2020\/04\/alvaro-imanes-10-1-353x354.png 353w\" sizes=\"auto, (max-width: 502px) 100vw, 502px\" \/><\/figure>\n<\/div>\n\n\n<h5 class=\"wp-block-heading\"><span style=\"color: #3366ff;\"><em style=\"font-size: 14px;\">Duraci\u00f3n: 7 h. aprox.<\/em><span style=\"font-size: 14px;\">&nbsp;<\/span><\/span><\/h5>\n\n\n\n<div class=\"wp-block-group\"><div class=\"wp-block-group__inner-container is-layout-flow wp-block-group-is-layout-flow\">\n<p class=\"has-text-align-justify has-normal-font-size\"><\/p><p class=\"has-text-align-justify has-normal-font-size\"><\/p><p class=\"has-text-align-justify has-normal-font-size\"><\/p><p class=\"has-text-align-justify has-normal-font-size\"><\/p><p class=\"has-text-align-justify has-normal-font-size\"><\/p><p class=\"has-text-align-justify has-normal-font-size\"><\/p><p class=\"has-text-align-justify has-normal-font-size\"><\/p><p class=\"has-text-align-justify has-normal-font-size\"><\/p><p class=\"has-text-align-justify has-normal-font-size\"><\/p><p class=\"has-text-align-justify has-normal-font-size\"><\/p><p class=\"has-text-align-justify has-normal-font-size\"><\/p><p class=\"has-text-align-justify has-normal-font-size\"><\/p><p class=\"has-text-align-justify has-normal-font-size\"><\/p><p class=\"has-text-align-justify has-normal-font-size\"><\/p><p class=\"has-text-align-justify has-normal-font-size\"><\/p><p class=\"has-text-align-justify has-normal-font-size\"><\/p><p class=\"has-text-align-justify has-normal-font-size\"><\/p><p class=\"has-text-align-justify has-normal-font-size\"><\/p><p class=\"has-text-align-justify has-normal-font-size\"><span style=\"font-size: inherit;\">En este recorrido que incluye el&nbsp;<\/span><span style=\"font-size: inherit; color: rgb(51, 102, 255);\">TOUR M\u00c1GICO,<\/span><span style=\"font-size: inherit;\"> se profundiza en la vida&nbsp;en la vida personal de <\/span><strong style=\"font-size: inherit;\">Paul y John<\/strong><span style=\"font-size: inherit;\"> entrando en sus casas. Ser\u00e1 un gu\u00eda del National Trust (en ingl\u00e9s, con una traducci\u00f3n escrita en espa\u00f1ol) quien cuente historias fascinantes de la infancia de los dos Beatles m\u00e1s famosos.<\/span><\/p>\n<\/div><\/div>\n\n\n\n<div class=\"wp-block-buttons is-content-justification-center is-layout-flex wp-container-core-buttons-is-layout-16018d1d wp-block-buttons-is-layout-flex\">\n<div class=\"wp-block-button is-style-outline is-style-outline--3\"><a class=\"wp-block-button__link has-vivid-cyan-blue-color has-text-color wp-element-button\">Reserva<\/a><\/div>\n<\/div>\n\n\n\n<p><\/p>\n\n\n\n<div style=\"height:30px\" aria-hidden=\"true\" class=\"wp-block-spacer\"><\/div>\n\n\n\n<p><\/p>\n\n\n\n<p class=\"has-text-align-center has-very-light-gray-background-color has-text-color has-background has-medium-font-size\" style=\"color:#266079\"><span style=\"color: #333399;\"><span style=\"color: rgb(51, 102, 255);\"><b><strong>C<\/strong>OMBINADO TOUR DE BEATLES Y CIUDAD<\/b><\/span><b>.<\/b><\/span><\/p>\n\n\n<div class=\"wp-block-image\">\n<figure class=\"alignleft size-large is-resized\"><img loading=\"lazy\" decoding=\"async\" width=\"500\" height=\"500\" src=\"https:\/\/www.liverpoolmagico.net\/wp-content\/uploads\/2020\/04\/ringo1.jpg\" alt=\"\" class=\"wp-image-5314\" style=\"width:275px;height:275px\" srcset=\"https:\/\/www.liverpoolmagico.net\/wp-content\/uploads\/2020\/04\/ringo1.jpg 500w, https:\/\/www.liverpoolmagico.net\/wp-content\/uploads\/2020\/04\/ringo1-300x300.jpg 300w, https:\/\/www.liverpoolmagico.net\/wp-content\/uploads\/2020\/04\/ringo1-100x100.jpg 100w, https:\/\/www.liverpoolmagico.net\/wp-content\/uploads\/2020\/04\/ringo1-150x150.jpg 150w, https:\/\/www.liverpoolmagico.net\/wp-content\/uploads\/2020\/04\/ringo1-354x354.jpg 354w\" sizes=\"auto, (max-width: 500px) 100vw, 500px\" \/><\/figure>\n<\/div>\n\n\n<h5 class=\"wp-block-heading\"><span style=\"color: #3366ff;\"><em style=\"font-size: 14px;\">Duraci\u00f3n: 4-5 h. aprox.<\/em><\/span><\/h5>\n\n\n\n<p class=\"has-text-align-justify has-normal-font-size\">Podemos a\u00f1adir una hora m\u00e1s de taxi al <span style=\"color: #3366ff;\">TOUR CL\u00c1SICO O M\u00c1GICO<\/span> de Los Beatles para conocer los lugares m\u00e1s significativos de la ciudad. Incluye una visita guiada por la catedral anglicana (siempre que est\u00e9 abierta)<\/p>\n\n\n\n<div class=\"wp-block-buttons is-content-justification-center is-layout-flex wp-container-core-buttons-is-layout-16018d1d wp-block-buttons-is-layout-flex\">\n<div class=\"wp-block-button is-style-outline is-style-outline--4\"><a class=\"wp-block-button__link has-vivid-cyan-blue-color has-text-color wp-element-button\">Reserva<\/a><\/div>\n<\/div>\n\n\n\n<h5 class=\"wp-block-heading\">&nbsp;<\/h5>\n\n\n\n<div style=\"height:30px\" aria-hidden=\"true\" class=\"wp-block-spacer\"><\/div>\n\n\n\n<p class=\"has-text-align-center has-very-light-gray-background-color has-background has-medium-font-size\"><span style=\"color: #3366ff;\"><strong>ESPECIAL TOUR DE BEATLES<\/strong><\/span> (no disponible)<\/p>\n\n\n<div class=\"wp-block-image\">\n<figure class=\"alignleft size-large is-resized\"><img loading=\"lazy\" decoding=\"async\" width=\"520\" height=\"520\" src=\"https:\/\/www.liverpoolmagico.net\/wp-content\/uploads\/2020\/04\/carmen-taxi-alvaro.jpg\" alt=\"Liverpool M\u00e1gico Tours en espa\u00f1ol\" class=\"wp-image-5315\" style=\"width:275px;height:275px\" srcset=\"https:\/\/www.liverpoolmagico.net\/wp-content\/uploads\/2020\/04\/carmen-taxi-alvaro.jpg 520w, https:\/\/www.liverpoolmagico.net\/wp-content\/uploads\/2020\/04\/carmen-taxi-alvaro-300x300.jpg 300w, https:\/\/www.liverpoolmagico.net\/wp-content\/uploads\/2020\/04\/carmen-taxi-alvaro-100x100.jpg 100w, https:\/\/www.liverpoolmagico.net\/wp-content\/uploads\/2020\/04\/carmen-taxi-alvaro-150x150.jpg 150w, https:\/\/www.liverpoolmagico.net\/wp-content\/uploads\/2020\/04\/carmen-taxi-alvaro-354x354.jpg 354w\" sizes=\"auto, (max-width: 520px) 100vw, 520px\" \/><\/figure>\n<\/div>\n\n\n<h5 class=\"wp-block-heading\"><span style=\"color: #3366ff;\"><em>Duraci\u00f3n: 2 1\/2 h. aprox., caminando.<\/em>&nbsp;<em>Salida: Hotel Adelphi (Ranelagh Pl L35UL)<\/em><\/span><\/h5>\n\n\n\n<p class=\"has-text-align-justify has-normal-font-size\">Este es un tour caminando por el centro de la ciudad. Con este m\u00e1gico tour desvelamos muchos secretos y an\u00e9cdotas sobre los Beatles. Caminamos por lugares del centro de la ciudad que no son visitados en los tours convencionales como la casa donde vivi\u00f3 Stuart Sutcliffe, el lugar de nacimiento de John Lennon, los locales donde tocaron antes de La Caverna, las escuelas donde estudiaron, los pubs favoritos y mucho m\u00e1s.<\/p>\n\n\n\n<p class=\"has-normal-font-size\">En este recorrido no se visitan lugares como Penny Lane, casas de infancia o Strawberry Field.<\/p>\n\n\n\n<div style=\"height:20px\" aria-hidden=\"true\" class=\"wp-block-spacer\"><\/div>\n\n\n\n<div class=\"wp-block-buttons is-content-justification-center is-layout-flex wp-container-core-buttons-is-layout-16018d1d wp-block-buttons-is-layout-flex\">\n<div class=\"wp-block-button is-style-outline is-style-outline--5\"><a class=\"wp-block-button__link has-vivid-cyan-blue-color has-text-color wp-element-button\">Reserva<\/a><\/div>\n<\/div>\n\n\n\n<p class=\"has-text-align-center has-text-color has-background has-normal-font-size\" style=\"color:#f9fbfd;background-color:#055685\"><strong>C\u00d3MO RESERVAR<\/strong> <strong>SU TOUR<\/strong><\/p>\n\n\n\n<p class=\"has-normal-font-size\">Indique la fecha, n\u00famero de personas, tipo de tour y cualquier cuesti\u00f3n o duda a nuestro correo electr\u00f3nico o rellene el formulario.<\/p>\n\n\n\n<div class=\"wp-block-jetpack-contact-info\">\n<div class=\"wp-block-jetpack-email\">\n <a href=\"mailto:info@liverpoolmagico.com\">info@liverpoolmagico.com<\/a><\/div>\n\n\n\n<p><\/p>\n<\/div>\n\n\n\n<div class=\"wp-block-buttons is-content-justification-left is-layout-flex wp-container-core-buttons-is-layout-fdcfc74e wp-block-buttons-is-layout-flex\">\n<div class=\"wp-block-button is-style-outline is-style-outline--6\"><a class=\"wp-block-button__link has-vivid-red-color has-text-color has-background wp-element-button\" href=\"https:\/\/www.liverpoolmagico.net\/index.php\/reservas-3\/\" style=\"border-radius:19px;background-color:#fefbfb\">Formulario<\/a><\/div>\n<\/div>\n\n\n\n<p><\/p>\n\n\n\n<p><\/p>\n\n\n\n<div style=\"height:25px\" aria-hidden=\"true\" class=\"wp-block-spacer\"><\/div>\n\n\n\n<h4 class=\"wp-block-heading\"><strong>El tour Cl\u00e1sico, M\u00e1gico, Extraordinario y combinado incluyen: alquiler del taxi, conductor y gu\u00eda en espa\u00f1ol.<\/strong><\/h4>\n\n\n\n<h4 class=\"wp-block-heading\"><strong>Nuestro taxi ir\u00e1 a recogerles al hotel donde est\u00e9n alojados, si se encuentra en el centro, o a la estaci\u00f3n de tren si vienen de otra ciudad.<\/strong><\/h4>\n","protected":false},"excerpt":{"rendered":"<p>CL\u00c1SICO TOUR DE BEATLES &nbsp;Duraci\u00f3n: 3 h. aprox. En este tour conocer\u00e1s el exterior de las casas de infancia de Beatles y las escuelas donde estudiaron. Vivir\u00e1s una m\u00e1gica experiencia viendo los lugares que se mencionan en la canci\u00f3n de Penny Lane. Haremos una parada en la Iglesia de St.<a href=\"https:\/\/www.liverpoolmagico.net\/index.php\/tour-de-beatles\/\" class=\"read-more\">Read the rest of this page &raquo;<\/a><\/p>\n","protected":false},"author":2,"featured_media":0,"parent":0,"menu_order":0,"comment_status":"closed","ping_status":"open","template":"","meta":{"jetpack_post_was_ever_published":false,"footnotes":""},"class_list":["post-399","page","type-page","status-publish","hentry"],"aioseo_notices":[],"jetpack_shortlink":"https:\/\/wp.me\/P3lKQ0-6r","jetpack_sharing_enabled":true,"_links":{"self":[{"href":"https:\/\/www.liverpoolmagico.net\/index.php\/wp-json\/wp\/v2\/pages\/399","targetHints":{"allow":["GET"]}}],"collection":[{"href":"https:\/\/www.liverpoolmagico.net\/index.php\/wp-json\/wp\/v2\/pages"}],"about":[{"href":"https:\/\/www.liverpoolmagico.net\/index.php\/wp-json\/wp\/v2\/types\/page"}],"author":[{"embeddable":true,"href":"https:\/\/www.liverpoolmagico.net\/index.php\/wp-json\/wp\/v2\/users\/2"}],"replies":[{"embeddable":true,"href":"https:\/\/www.liverpoolmagico.net\/index.php\/wp-json\/wp\/v2\/comments?post=399"}],"version-history":[{"count":0,"href":"https:\/\/www.liverpoolmagico.net\/index.php\/wp-json\/wp\/v2\/pages\/399\/revisions"}],"wp:attachment":[{"href":"https:\/\/www.liverpoolmagico.net\/index.php\/wp-json\/wp\/v2\/media?parent=399"}],"curies":[{"name":"wp","href":"https:\/\/api.w.org\/{rel}","templated":true}]}}