{"id":395,"date":"2013-11-13T12:59:47","date_gmt":"2013-11-13T12:59:47","guid":{"rendered":"http:\/\/www.liverpoolmagico.net\/?page_id=395"},"modified":"2023-04-15T06:37:04","modified_gmt":"2023-04-15T06:37:04","slug":"centro-historico","status":"publish","type":"page","link":"https:\/\/www.liverpoolmagico.net\/index.php\/centro-historico\/","title":{"rendered":"Centro Hist\u00f3rico"},"content":{"rendered":"<p><img loading=\"lazy\" decoding=\"async\" class=\"alignleft size-full wp-image-380\" src=\"http:\/\/www.liverpoolmagico.net\/wp-content\/uploads\/2013\/03\/cultural-panoramica.jpg\" alt=\"cultural panoramica\" width=\"930\" height=\"354\" srcset=\"https:\/\/www.liverpoolmagico.net\/wp-content\/uploads\/2013\/03\/cultural-panoramica.jpg 930w, https:\/\/www.liverpoolmagico.net\/wp-content\/uploads\/2013\/03\/cultural-panoramica-600x228.jpg 600w, https:\/\/www.liverpoolmagico.net\/wp-content\/uploads\/2013\/03\/cultural-panoramica-300x114.jpg 300w\" sizes=\"auto, (max-width: 930px) 100vw, 930px\" \/><\/p>\n<h4><span style=\"color: #3366ff;\"><em><strong>\u00a0<\/strong><\/em><\/span><span style=\"color: #3366ff;\"><em>Duraci\u00f3n: 3 h. aprox., <span style=\"color: #3366ff;\">caminando<\/span><\/em>\u00a0<\/span><\/h4>\n<h4><span style=\"color: #3366ff;\"><em>Salida: Estaci\u00f3n de tren, and\u00e9n 7, junto a las esculturas de la salida principal<\/em><\/span><\/h4>\n<p style=\"text-align: justify;\">Con este tour exploramos el centro de la ciudad y descubrimos su pasado hist\u00f3rico y cultural. Comenzamos\u00a0<span style=\"color: #333333; font-style: normal; font-weight: 300;\">nuestro recorrido por la zona cultural, donde se encuentra, entre otros edificios notables, una de las construcciones neocl\u00e1sicas m\u00e1s importante de la historia de la arquitectura europea, St George&#8217;s Hall. Paseamos por el precioso barrio Georgiano, donde est\u00e1n las dos catedrales y varios lugares relacionados con Los Beatles. Nos dirigimos al Albert Dock, pasando por el impresionante arco chino. Caminamos\u00a0 hacia <\/span><span style=\"font-weight: 300;\">La Ribera del r\u00edo Mersey\u00a0para contemplar los edificios m\u00e1s significativos de Liverpool, sus Tres Gracias. Por el camino nos encontramos con otras importantes muestras arquitect\u00f3nicas como el famoso edificio de la compa\u00f1\u00eda naviera White Star Line, due\u00f1a del Titanic y la iglesia de San Nicol\u00e1s. Despu\u00e9s, continuamos por el distrito de negocios donde se sit\u00faa el Ayuntamiento, la plaza del intercambio de banderas, centro de negocios que hizo prosperar la ciudad. Seguidamente, vamos hasta los or\u00edgenes medievales donde se construy\u00f3 el castillo. La \u00faltima parada ser\u00e1 en Mathew Street donde est\u00e1 el famoso club de la la Caverna que hizo famosos a los Beatles. All\u00ed podr\u00e9is disfrutar de la m\u00fasica en vivo el tiempo que quer\u00e1is.<\/span><\/p>\n<p>Ventajas con respecto a otros tours que se ofrecen caminando en espa\u00f1ol<\/p>\n<p><strong><em>1 Gu\u00eda oficial acreditada por la autoridad competente en materia de turismo.<\/em><\/strong><\/p>\n<p><strong><em>2 Tour completo de la ciudad, incluyendo el barrio Georgiano, que es la zona donde estudiaron Los Beatles y donde se encuentran las dos catedrales.<\/em><\/strong><\/p>\n<p><strong><em>3 Entrada en la biblioteca hist\u00f3rica (siempre que est\u00e9 abierta)<\/em><\/strong><\/p>\n<p><strong><em>4 Visita guiada por el interior de la catedral anglicana (siempre que est\u00e9 abierta)<\/em><\/strong><\/p>\n<p><em><span style=\"color: #3366ff;\">Nota: <\/span>Para este tour no se necesita abonar ninguna cantidad en concepto de reserva, pero es imprescindible contactar unos d\u00edas antes para confirmar.<\/em><\/p>\n<h2><em>\u00a0<\/em><\/h2>\n<h2><span style=\"color: #3366ff;\">Puedes a\u00f1adir a este tour la panor\u00e1mica desde la torre Radio City por 7,5 \u00a3 m\u00e1s<\/span><\/h2>\n<h2 style=\"font-style: normal; line-height: 26.666667938232422px;\"><a style=\"text-decoration: underline;\" href=\"http:\/\/www.liverpoolmagico.net\/wp-content\/uploads\/2013\/11\/PUBLICIDAD-TORRE-web.jpg.opt530x752o00s530x752.jpg\"><img loading=\"lazy\" decoding=\"async\" class=\" wp-image-433 alignright\" style=\"border-color: #bbbbbb; background-color: #eeeeee;\" src=\"http:\/\/www.liverpoolmagico.net\/wp-content\/uploads\/2013\/11\/PUBLICIDAD-TORRE-web.jpg.opt530x752o00s530x752.jpg\" alt=\"PUBLICIDAD TORRE web.jpg.opt530x752o0,0s530x752\" width=\"339\" height=\"482\" srcset=\"https:\/\/www.liverpoolmagico.net\/wp-content\/uploads\/2013\/11\/PUBLICIDAD-TORRE-web.jpg.opt530x752o00s530x752.jpg 530w, https:\/\/www.liverpoolmagico.net\/wp-content\/uploads\/2013\/11\/PUBLICIDAD-TORRE-web.jpg.opt530x752o00s530x752-211x300.jpg 211w, https:\/\/www.liverpoolmagico.net\/wp-content\/uploads\/2013\/11\/PUBLICIDAD-TORRE-web.jpg.opt530x752o00s530x752-249x354.jpg 249w\" sizes=\"auto, (max-width: 339px) 100vw, 339px\" \/><\/a><\/h2>\n<address style=\"text-align: justify;\"><span style=\"color: #1b8be0;\">\u00a0<\/span><span style=\"color: #0000ff;\">Este tour le permitir\u00e1 descubrir Liverpool desde dos puntos de vista: \u00a0caminando durante tres horas por los principales lugares, barrios, edificios y museos, y desde la Torre Radio City, de 138 metros, una maravillosa vista panor\u00e1mica de la ciudad y sus alrededores: La pen\u00ednsula de Wirral, el Norte de Gales e incluso la Torre de Blackpool y el Distrito de los Lagos, en los d\u00edas despejados.<\/span><\/address>\n","protected":false},"excerpt":{"rendered":"<p>\u00a0Duraci\u00f3n: 3 h. aprox., caminando\u00a0 Salida: Estaci\u00f3n de tren, and\u00e9n 7, junto a las esculturas de la salida principal Con este tour exploramos el centro de la ciudad y descubrimos su pasado hist\u00f3rico y cultural. Comenzamos\u00a0nuestro recorrido por la zona cultural, donde se encuentra, entre otros edificios notables, una de<a href=\"https:\/\/www.liverpoolmagico.net\/index.php\/centro-historico\/\" class=\"read-more\">Read the rest of this page &raquo;<\/a><\/p>\n","protected":false},"author":2,"featured_media":3054,"parent":0,"menu_order":0,"comment_status":"closed","ping_status":"closed","template":"","meta":{"jetpack_post_was_ever_published":false,"footnotes":""},"class_list":["post-395","page","type-page","status-publish","has-post-thumbnail","hentry"],"aioseo_notices":[],"jetpack_shortlink":"https:\/\/wp.me\/P3lKQ0-6n","jetpack_sharing_enabled":true,"_links":{"self":[{"href":"https:\/\/www.liverpoolmagico.net\/index.php\/wp-json\/wp\/v2\/pages\/395","targetHints":{"allow":["GET"]}}],"collection":[{"href":"https:\/\/www.liverpoolmagico.net\/index.php\/wp-json\/wp\/v2\/pages"}],"about":[{"href":"https:\/\/www.liverpoolmagico.net\/index.php\/wp-json\/wp\/v2\/types\/page"}],"author":[{"embeddable":true,"href":"https:\/\/www.liverpoolmagico.net\/index.php\/wp-json\/wp\/v2\/users\/2"}],"replies":[{"embeddable":true,"href":"https:\/\/www.liverpoolmagico.net\/index.php\/wp-json\/wp\/v2\/comments?post=395"}],"version-history":[{"count":0,"href":"https:\/\/www.liverpoolmagico.net\/index.php\/wp-json\/wp\/v2\/pages\/395\/revisions"}],"wp:featuredmedia":[{"embeddable":true,"href":"https:\/\/www.liverpoolmagico.net\/index.php\/wp-json\/wp\/v2\/media\/3054"}],"wp:attachment":[{"href":"https:\/\/www.liverpoolmagico.net\/index.php\/wp-json\/wp\/v2\/media?parent=395"}],"curies":[{"name":"wp","href":"https:\/\/api.w.org\/{rel}","templated":true}]}}