{"id":166,"date":"2013-03-31T18:07:25","date_gmt":"2013-03-31T18:07:25","guid":{"rendered":"http:\/\/www.liverpoolmagico.net\/?page_id=166"},"modified":"2020-03-27T09:04:46","modified_gmt":"2020-03-27T09:04:46","slug":"nuestros-tours-2","status":"publish","type":"page","link":"https:\/\/www.liverpoolmagico.net\/index.php\/nuestros-tours-2\/","title":{"rendered":"TOURS"},"content":{"rendered":"<h5><span style=\"color: #333333;\"><img loading=\"lazy\" decoding=\"async\" class=\"alignleft size-full wp-image-705\" src=\"http:\/\/www.liverpoolmagico.net\/wp-content\/uploads\/2013\/11\/el-albert-dock-e1385633481301.jpg\" alt=\"el albert dock\" width=\"2767\" height=\"657\" \/><\/span><\/h5>\n<ul>\n<li><span style=\"color: #808080;\"><a style=\"color: #808080; text-decoration: underline;\" title=\"TOUR CENTRO HIST\u00d3RICO\" href=\"http:\/\/www.liverpoolmagico.net\/index.php\/centro-historico\/\">TOUR CENTRO\u00a0HIST\u00d3RICO<\/a><\/span><\/li>\n<li><span style=\"color: #808080;\"><a style=\"color: #808080; text-decoration: underline;\" title=\"CL\u00c1SICO TOUR DE BEATLES\" href=\"http:\/\/www.liverpoolmagico.net\/index.php\/tour-de-beatles\/\">CL\u00c1SICO TOUR DE BEATLES<\/a><\/span><\/li>\n<li><span style=\"color: #808080;\"><a style=\"color: #808080; text-decoration: underline;\" title=\"M\u00c1GICO TOUR DE BEATLES (RECOMENDADO)\" href=\"http:\/\/www.liverpoolmagico.net\/index.php\/tour-de-beatles\/\">M\u00c1GICO TOUR DE BEATLES<\/a><\/span><\/li>\n<li><span style=\"color: #808080;\"><a style=\"color: #808080; text-decoration: underline;\" title=\"EXTRAORDINARIO TOUR DE BEATLES\" href=\"http:\/\/www.liverpoolmagico.net\/index.php\/tour-de-beatles\/\">EXTRAORDINARIO TOUR DE BEATLES<\/a><\/span><\/li>\n<li><span style=\"color: #808080;\"><a style=\"color: #808080; text-decoration: underline;\" title=\"ESPECIAL TOUR DE BEATLES\" href=\"http:\/\/www.liverpoolmagico.net\/index.php\/tour-de-beatles\/\">ESPECIAL TOUR DE BEATLES<\/a><\/span><\/li>\n<li><span style=\"color: #808080;\"><a style=\"color: #808080; text-decoration: underline;\" href=\"https:\/\/www.liverpoolmagico.net\/index.php\/tour-de-beatles\/\">COMBINADO BEATLES-CIUDAD<\/a><\/span><\/li>\n<li><span style=\"color: #808080;\"><a style=\"color: #808080; text-decoration: underline;\" href=\"https:\/\/www.liverpoolmagico.net\/index.php\/experiencia-completa-de-beatles-en-londres-y-liverpool\/\">EXPERIENCIA BEATLES AL COMPLETO: LONDRES Y LIVERPOOL<\/a><\/span><\/li>\n<li><span style=\"color: #808080;\"><a style=\"color: #808080; text-decoration: underline;\" title=\"BUS TUR\u00cdSTICO PARA GRUPOS\" href=\"https:\/\/www.liverpoolmagico.net\/index.php\/bus-turistico-para-grupos\/\">BUS TUR\u00cdSTICO PARA GRUPOS<\/a><\/span><\/li>\n<li><span style=\"color: #808080;\"><a style=\"color: #808080; text-decoration: underline;\" href=\"https:\/\/www.liverpoolmagico.net\/index.php\/manchester\/\">DESCUBRE MANCHESTER<\/a><\/span><\/li>\n<\/ul>\n<h4><\/h4>\n<h4><\/h4>\n<h4><\/h4>\n<h4 style=\"text-align: left;\"><em><strong><span style=\"color: #ff0000;\">\u00a0<\/span><\/strong><\/em><\/h4>\n","protected":false},"excerpt":{"rendered":"<p>TOUR CENTRO\u00a0HIST\u00d3RICO CL\u00c1SICO TOUR DE BEATLES M\u00c1GICO TOUR DE BEATLES EXTRAORDINARIO TOUR DE BEATLES ESPECIAL TOUR DE BEATLES COMBINADO BEATLES-CIUDAD EXPERIENCIA BEATLES AL COMPLETO: LONDRES Y LIVERPOOL BUS TUR\u00cdSTICO PARA GRUPOS DESCUBRE MANCHESTER \u00a0<\/p>\n","protected":false},"author":2,"featured_media":0,"parent":0,"menu_order":3,"comment_status":"closed","ping_status":"closed","template":"","meta":{"footnotes":""},"class_list":["post-166","page","type-page","status-publish","hentry"],"aioseo_notices":[],"jetpack_shortlink":"https:\/\/wp.me\/P3lKQ0-2G","jetpack_sharing_enabled":true,"_links":{"self":[{"href":"https:\/\/www.liverpoolmagico.net\/index.php\/wp-json\/wp\/v2\/pages\/166","targetHints":{"allow":["GET"]}}],"collection":[{"href":"https:\/\/www.liverpoolmagico.net\/index.php\/wp-json\/wp\/v2\/pages"}],"about":[{"href":"https:\/\/www.liverpoolmagico.net\/index.php\/wp-json\/wp\/v2\/types\/page"}],"author":[{"embeddable":true,"href":"https:\/\/www.liverpoolmagico.net\/index.php\/wp-json\/wp\/v2\/users\/2"}],"replies":[{"embeddable":true,"href":"https:\/\/www.liverpoolmagico.net\/index.php\/wp-json\/wp\/v2\/comments?post=166"}],"version-history":[{"count":0,"href":"https:\/\/www.liverpoolmagico.net\/index.php\/wp-json\/wp\/v2\/pages\/166\/revisions"}],"wp:attachment":[{"href":"https:\/\/www.liverpoolmagico.net\/index.php\/wp-json\/wp\/v2\/media?parent=166"}],"curies":[{"name":"wp","href":"https:\/\/api.w.org\/{rel}","templated":true}]}}