{"id":1067,"date":"2014-02-08T02:12:04","date_gmt":"2014-02-08T02:12:04","guid":{"rendered":"http:\/\/www.liverpoolmagico.net\/?page_id=1067"},"modified":"2022-10-23T07:15:19","modified_gmt":"2022-10-23T07:15:19","slug":"como-llegar","status":"publish","type":"page","link":"https:\/\/www.liverpoolmagico.net\/index.php\/como-llegar\/","title":{"rendered":"\u00a1Bienvenidos a Liverpool!"},"content":{"rendered":"<p><img loading=\"lazy\" decoding=\"async\" class=\"wp-image-1079 aligncenter\" src=\"http:\/\/www.liverpoolmagico.net\/wp-content\/uploads\/2014\/02\/media12324en.jpg\" alt=\"\" width=\"621\" height=\"260\" srcset=\"https:\/\/www.liverpoolmagico.net\/wp-content\/uploads\/2014\/02\/media12324en.jpg 930w, https:\/\/www.liverpoolmagico.net\/wp-content\/uploads\/2014\/02\/media12324en-600x252.jpg 600w, https:\/\/www.liverpoolmagico.net\/wp-content\/uploads\/2014\/02\/media12324en-300x125.jpg 300w, https:\/\/www.liverpoolmagico.net\/wp-content\/uploads\/2014\/02\/media12324en-844x354.jpg 844w\" sizes=\"auto, (max-width: 621px) 100vw, 621px\" \/><\/p>\n<p>Liverpool es una de las ciudades\u00a0inglesas m\u00e1s interesantes por su enorme valor hist\u00f3rico y cultural, destino perfecto para los que quieran conocer lugares t\u00edpicos de Inglaterra. La popularidad de The Beatles y del equipo de f\u00fatbol Liverpool Football Club contribuy\u00f3 a convertir la ciudad en un destino tur\u00edstico. Sin embargo, Liverpool es mucho m\u00e1s que Beatles y f\u00fatbol. La ciudad rebosa cultura y patrimonio. Tuvo un espl\u00e9ndido pasado como centro mercantil y salida hacia el Nuevo Mundo. En la actualidad es un destino clave para los aficionados del arte, el teatro y los museos. Adem\u00e1s, cuenta con una magn\u00edfica arquitectura y construcciones designadas Patrimonio de la Humanidad. Los liverpulianos son famosos por su amabilidad y simpat\u00eda y te recibir\u00e1n calurosamente en la ciudad de la que se sienten muy orgullosos. Liverpool es un destino que nadie deber\u00eda perderse.<\/p>\n<h1><span style=\"color: #000080;\">C\u00d3MO LLEGAR<\/span><\/h1>\n<h1><span style=\"color: #ff0000;\">LLegadas desde el aeropuerto.<\/span><\/h1>\n<p>El Aeropuerto de John Lennon est\u00e1 situado a 11 Km. al sur del centro de Liverpool. Para llegar al centro se puede ir en autob\u00fas o taxi.<\/p>\n<p><strong>Reserve previamente sus traslados con nosotros.<br \/>\n<\/strong><\/p>\n<p><strong><span style=\"text-decoration: underline;\">AEROPUERTO DE LIVERPOOL<\/span><\/strong><\/p>\n<p><strong><br \/>\nTiempo de recorrido: 20 minutos aproximadamente.<br \/>\nTaxi hasta 5 personas<br \/>\n<span style=\"color: #ff0000;\">40 \u00a3<\/span><br \/>\nMinibus de 8 plazas<br \/>\n<span style=\"color: #ff0000;\">55 \u00a3<\/span><br \/>\nCons\u00faltenos si son m\u00e1s de 8 personas.<br \/>\n<\/strong><\/p>\n<p><strong><span style=\"text-decoration: underline;\">AEROPUERTO DE MANCHESTER<\/span><\/strong><\/p>\n<p><strong>Tiempo de recorrido: 50 minutos aproximadamente<br \/>\nTaxi hasta 5 personas<br \/>\n<span style=\"color: #ff0000;\">65 \u00a3<\/span><br \/>\nMinibus de 8 plazas<br \/>\n<span style=\"color: #ff0000;\">75 \u00a3<\/span><br \/>\n<\/strong><span style=\"font-size: inherit;\">.<\/span><\/p>\n<h1><span style=\"color: #ff0000;\">LLegadas desde Londres.<\/span><\/h1>\n<p><img loading=\"lazy\" decoding=\"async\" class=\"alignleft\" src=\"http:\/\/www.liverpoolmagico.net\/wp-content\/uploads\/2013\/12\/Liverpool_Lime_Street_Station.jpg\" alt=\"Liverpool_Lime_Street_Station\" width=\"329\" height=\"219\" \/><span style=\"color: #ff0000;\"><strong>TREN:<\/strong>\u00a0<\/span>Es la mejor opci\u00f3n para llegar a Liverpool \u00a0desde Londres. La estaci\u00f3n es Euston. Se tarda entre 2-3 horas y la llegada es en Lime Station, en el centro de la ciudad.<\/p>\n<p><a href=\"http:\/\/www.nationalrail.co.uk\/\">http:\/\/www.nationalrail.co.uk\/<\/a><\/p>\n<p><a href=\"http:\/\/www.thetrainline.com\/\">http:\/\/www.thetrainline.com\/<\/a><\/p>\n<p><a href=\"http:\/\/www.virgintrains.com\/\">https:\/\/www.avantiwestcoast.co.uk<\/a><\/p>\n","protected":false},"excerpt":{"rendered":"<p>Liverpool es una de las ciudades\u00a0inglesas m\u00e1s interesantes por su enorme valor hist\u00f3rico y cultural, destino perfecto para los que quieran conocer lugares t\u00edpicos de Inglaterra. La popularidad de The Beatles y del equipo de f\u00fatbol Liverpool Football Club contribuy\u00f3 a convertir la ciudad en un destino tur\u00edstico. Sin embargo,<a href=\"https:\/\/www.liverpoolmagico.net\/index.php\/como-llegar\/\" class=\"read-more\">Read the rest of this page &raquo;<\/a><\/p>\n","protected":false},"author":2,"featured_media":0,"parent":0,"menu_order":0,"comment_status":"closed","ping_status":"open","template":"","meta":{"footnotes":""},"class_list":["post-1067","page","type-page","status-publish","hentry"],"aioseo_notices":[],"jetpack_shortlink":"https:\/\/wp.me\/P3lKQ0-hd","jetpack_sharing_enabled":true,"_links":{"self":[{"href":"https:\/\/www.liverpoolmagico.net\/index.php\/wp-json\/wp\/v2\/pages\/1067","targetHints":{"allow":["GET"]}}],"collection":[{"href":"https:\/\/www.liverpoolmagico.net\/index.php\/wp-json\/wp\/v2\/pages"}],"about":[{"href":"https:\/\/www.liverpoolmagico.net\/index.php\/wp-json\/wp\/v2\/types\/page"}],"author":[{"embeddable":true,"href":"https:\/\/www.liverpoolmagico.net\/index.php\/wp-json\/wp\/v2\/users\/2"}],"replies":[{"embeddable":true,"href":"https:\/\/www.liverpoolmagico.net\/index.php\/wp-json\/wp\/v2\/comments?post=1067"}],"version-history":[{"count":0,"href":"https:\/\/www.liverpoolmagico.net\/index.php\/wp-json\/wp\/v2\/pages\/1067\/revisions"}],"wp:attachment":[{"href":"https:\/\/www.liverpoolmagico.net\/index.php\/wp-json\/wp\/v2\/media?parent=1067"}],"curies":[{"name":"wp","href":"https:\/\/api.w.org\/{rel}","templated":true}]}}